{"id":13051,"date":"2025-02-27T08:44:48","date_gmt":"2025-02-27T13:44:48","guid":{"rendered":"https:\/\/tradetravelchill.club\/politica-de-cancelacion\/"},"modified":"2025-03-24T12:22:21","modified_gmt":"2025-03-24T16:22:21","slug":"politica-de-cancelacion","status":"publish","type":"page","link":"https:\/\/tradetravelchill.club\/es\/politica-de-cancelacion\/","title":{"rendered":"Pol\u00edtica de Cancelaci\u00f3n y Reembolso"},"content":{"rendered":"\t\t<div data-elementor-type=\"wp-page\" data-elementor-id=\"13051\" class=\"elementor elementor-13051 elementor-12681\" data-elementor-post-type=\"page\">\n\t\t\t\t\t\t<section class=\"elementor-section elementor-top-section elementor-element elementor-element-7211109 elementor-section-full_width elementor-section-height-default elementor-section-height-default\" data-id=\"7211109\" data-element_type=\"section\" data-e-type=\"section\">\n\t\t\t\t\t\t<div class=\"elementor-container elementor-column-gap-default\">\n\t\t\t\t\t<div class=\"elementor-column elementor-col-100 elementor-top-column elementor-element elementor-element-daf436a\" data-id=\"daf436a\" data-element_type=\"column\" data-e-type=\"column\">\n\t\t\t<div class=\"elementor-widget-wrap elementor-element-populated\">\n\t\t\t\t\t\t<div class=\"elementor-element elementor-element-45a7e43 elementor-widget elementor-widget-heading\" data-id=\"45a7e43\" data-element_type=\"widget\" data-e-type=\"widget\" data-widget_type=\"heading.default\">\n\t\t\t\t<div class=\"elementor-widget-container\">\n\t\t\t\t\t<h4 class=\"elementor-heading-title elementor-size-default\">Pol\u00edtica de cancelaci\u00f3n\n\n<\/h4>\t\t\t\t<\/div>\n\t\t\t\t<\/div>\n\t\t\t\t<div class=\"elementor-element elementor-element-67611ac elementor-widget elementor-widget-text-editor\" data-id=\"67611ac\" data-element_type=\"widget\" data-e-type=\"widget\" data-widget_type=\"text-editor.default\">\n\t\t\t\t<div class=\"elementor-widget-container\">\n\t\t\t\t\t\t\t\t\t<p>Tu afiliaci\u00f3n est\u00e1 configurada para renovarse autom\u00e1ticamente al final de cada ciclo de facturaci\u00f3n para garantizar un acceso ininterrumpido a nuestros servicios. Si deseas cancelar tu afiliaci\u00f3n, puedes hacerlo en cualquier momento.<\/p><p>Siempre enviamos un recordatorio por correo electr\u00f3nico <strong>7 d\u00edas antes de la renovaci\u00f3n<\/strong> de tu membres\u00eda para informarte sobre el pr\u00f3ximo cargo. Esto te da tiempo suficiente para revisar tu suscripci\u00f3n y realizar cualquier cambio si es necesario.<br><br> <\/p><p>Para cancelar, simplemente visita la <strong>configuraci\u00f3n de tu cuenta<\/strong> y sigue las instrucciones de cancelaci\u00f3n. Tambi\u00e9n puedes ponerte en contacto con nuestro equipo de asistencia en <strong><a href=\"mailto:support@tradetravelchill.club\" target=\"_blank\" rel=\"noopener\">support@tradetravelchill.club<\/a><\/strong>y te ayudaremos con el proceso.<\/p><p>Ten en cuenta que las <strong>cancelaciones deben realizarse antes de la fecha<\/strong> de renovaci\u00f3n para evitar que se te cobre el pr\u00f3ximo ciclo de facturaci\u00f3n. Una vez cancelada, los beneficios de tu afiliaci\u00f3n permanecer\u00e1n activos hasta el final del periodo de facturaci\u00f3n actual.<\/p>\t\t\t\t\t\t\t\t<\/div>\n\t\t\t\t<\/div>\n\t\t\t\t\t<\/div>\n\t\t<\/div>\n\t\t\t\t\t<\/div>\n\t\t<\/section>\n\t\t\t\t<section class=\"elementor-section elementor-top-section elementor-element elementor-element-cbb87b8 elementor-section-full_width elementor-section-height-default elementor-section-height-default\" data-id=\"cbb87b8\" data-element_type=\"section\" data-e-type=\"section\">\n\t\t\t\t\t\t<div class=\"elementor-container elementor-column-gap-default\">\n\t\t\t\t\t<div class=\"elementor-column elementor-col-100 elementor-top-column elementor-element elementor-element-0e1a20a\" data-id=\"0e1a20a\" data-element_type=\"column\" data-e-type=\"column\">\n\t\t\t<div class=\"elementor-widget-wrap elementor-element-populated\">\n\t\t\t\t\t\t<div class=\"elementor-element elementor-element-ade398d elementor-widget elementor-widget-heading\" data-id=\"ade398d\" data-element_type=\"widget\" data-e-type=\"widget\" data-widget_type=\"heading.default\">\n\t\t\t\t<div class=\"elementor-widget-container\">\n\t\t\t\t\t<h4 class=\"elementor-heading-title elementor-size-default\">Pol\u00edtica de Reembolso\n\n<\/h4>\t\t\t\t<\/div>\n\t\t\t\t<\/div>\n\t\t\t\t<div class=\"elementor-element elementor-element-163b6b6 elementor-widget elementor-widget-text-editor\" data-id=\"163b6b6\" data-element_type=\"widget\" data-e-type=\"widget\" data-widget_type=\"text-editor.default\">\n\t\t\t\t<div class=\"elementor-widget-container\">\n\t\t\t\t\t\t\t\t\t<p>Ofrecemos reembolsos para <strong>inscripciones iniciales<\/strong> si se solicitan dentro de las <strong>48 horas posteriores<\/strong> a la compra. Si no est\u00e1s satisfecho con tu membres\u00eda y deseas solicitar un reembolso, por favor cont\u00e1ctanos en <strong><a href=\"mailto:support@tradetravelchill.club\" target=\"_blank\" rel=\"noopener\">support@tradetravelchill.club<\/a><\/strong> dentro de este per\u00edodo y procesaremos tu solicitud. <\/p><p>Sin embargo, si ya has <strong>utilizado el primer mes de tu membres\u00eda<\/strong> y tu suscripci\u00f3n se ha renovado autom\u00e1ticamente, <strong>no emitimos reembolsos<\/strong> por el cargo de renovaci\u00f3n. Es responsabilidad del miembro cancelar antes del pr\u00f3ximo ciclo de facturaci\u00f3n si no desea continuar. <\/p><p><strong>No emitimos reembolsos parciales<\/strong> <strong>para ninguna duraci\u00f3n de membres\u00eda<\/strong> (planes mensuales, de 6 meses o de 12 meses) una vez que haya <strong>pasado el per\u00edodo de reembolso de 48 horas<\/strong>. Todos los pagos de membres\u00eda son finales despu\u00e9s de este per\u00edodo. <\/p><p>Al inscribirte en nuestra membres\u00eda, aceptas estos t\u00e9rminos. Si tienes alguna inquietud o necesitas aclaraciones, no dudes en comunicarte con nuestro equipo de soporte.<br><br> <\/p>\t\t\t\t\t\t\t\t<\/div>\n\t\t\t\t<\/div>\n\t\t\t\t\t<\/div>\n\t\t<\/div>\n\t\t\t\t\t<\/div>\n\t\t<\/section>\n\t\t\t\t<\/div>\n\t\t","protected":false},"excerpt":{"rendered":"<p>Pol\u00edtica de cancelaci\u00f3n Tu afiliaci\u00f3n est\u00e1 configurada para renovarse autom\u00e1ticamente al final de cada ciclo de facturaci\u00f3n para garantizar un acceso ininterrumpido a nuestros servicios. Si deseas cancelar tu afiliaci\u00f3n, [&hellip;]<\/p>\n","protected":false},"author":4,"featured_media":0,"parent":0,"menu_order":0,"comment_status":"closed","ping_status":"closed","template":"","meta":{"pmpro_default_level":"","footnotes":""},"class_list":["post-13051","page","type-page","status-publish","hentry","pmpro-has-access"],"yoast_head":"<!-- This site is optimized with the Yoast SEO plugin v27.4 - https:\/\/yoast.com\/product\/yoast-seo-wordpress\/ -->\n<title>Pol\u00edtica de Cancelaci\u00f3n y Reembolso - Trade Travel Chill<\/title>\n<meta name=\"robots\" content=\"index, follow, max-snippet:-1, max-image-preview:large, max-video-preview:-1\" \/>\n<link rel=\"canonical\" href=\"https:\/\/tradetravelchill.club\/es\/politica-de-cancelacion\/\" \/>\n<meta property=\"og:locale\" content=\"es_ES\" \/>\n<meta property=\"og:type\" content=\"article\" \/>\n<meta property=\"og:title\" content=\"Pol\u00edtica de Cancelaci\u00f3n y Reembolso - Trade Travel Chill\" \/>\n<meta property=\"og:description\" content=\"Pol\u00edtica de cancelaci\u00f3n Tu afiliaci\u00f3n est\u00e1 configurada para renovarse autom\u00e1ticamente al final de cada ciclo de facturaci\u00f3n para garantizar un acceso ininterrumpido a nuestros servicios. Si deseas cancelar tu afiliaci\u00f3n, [&hellip;]\" \/>\n<meta property=\"og:url\" content=\"https:\/\/tradetravelchill.club\/es\/politica-de-cancelacion\/\" \/>\n<meta property=\"og:site_name\" content=\"Trade Travel Chill\" \/>\n<meta property=\"article:publisher\" content=\"https:\/\/www.facebook.com\/annii.trader\" \/>\n<meta property=\"article:modified_time\" content=\"2025-03-24T16:22:21+00:00\" \/>\n<meta name=\"twitter:card\" content=\"summary_large_image\" \/>\n<meta name=\"twitter:site\" content=\"@tradetravelchil\" \/>\n<meta name=\"twitter:label1\" content=\"Tiempo de lectura\" \/>\n\t<meta name=\"twitter:data1\" content=\"2 minutos\" \/>\n<script type=\"application\/ld+json\" class=\"yoast-schema-graph\">{\"@context\":\"https:\\\/\\\/schema.org\",\"@graph\":[{\"@type\":\"WebPage\",\"@id\":\"https:\\\/\\\/tradetravelchill.club\\\/es\\\/politica-de-cancelacion\\\/\",\"url\":\"https:\\\/\\\/tradetravelchill.club\\\/es\\\/politica-de-cancelacion\\\/\",\"name\":\"Pol\u00edtica de Cancelaci\u00f3n y Reembolso - Trade Travel Chill\",\"isPartOf\":{\"@id\":\"https:\\\/\\\/tradetravelchill.club\\\/#website\"},\"datePublished\":\"2025-02-27T13:44:48+00:00\",\"dateModified\":\"2025-03-24T16:22:21+00:00\",\"breadcrumb\":{\"@id\":\"https:\\\/\\\/tradetravelchill.club\\\/es\\\/politica-de-cancelacion\\\/#breadcrumb\"},\"inLanguage\":\"es\",\"potentialAction\":[{\"@type\":\"ReadAction\",\"target\":[\"https:\\\/\\\/tradetravelchill.club\\\/es\\\/politica-de-cancelacion\\\/\"]}]},{\"@type\":\"BreadcrumbList\",\"@id\":\"https:\\\/\\\/tradetravelchill.club\\\/es\\\/politica-de-cancelacion\\\/#breadcrumb\",\"itemListElement\":[{\"@type\":\"ListItem\",\"position\":1,\"name\":\"Home\",\"item\":\"https:\\\/\\\/tradetravelchill.club\\\/es\\\/\"},{\"@type\":\"ListItem\",\"position\":2,\"name\":\"Pol\u00edtica de Cancelaci\u00f3n y Reembolso\"}]},{\"@type\":\"WebSite\",\"@id\":\"https:\\\/\\\/tradetravelchill.club\\\/#website\",\"url\":\"https:\\\/\\\/tradetravelchill.club\\\/\",\"name\":\"Trade Travel Chill\",\"description\":\"Trade Like Market Makers\",\"publisher\":{\"@id\":\"https:\\\/\\\/tradetravelchill.club\\\/#organization\"},\"potentialAction\":[{\"@type\":\"SearchAction\",\"target\":{\"@type\":\"EntryPoint\",\"urlTemplate\":\"https:\\\/\\\/tradetravelchill.club\\\/?s={search_term_string}\"},\"query-input\":{\"@type\":\"PropertyValueSpecification\",\"valueRequired\":true,\"valueName\":\"search_term_string\"}}],\"inLanguage\":\"es\"},{\"@type\":\"Organization\",\"@id\":\"https:\\\/\\\/tradetravelchill.club\\\/#organization\",\"name\":\"Trade Travel Chill\",\"url\":\"https:\\\/\\\/tradetravelchill.club\\\/\",\"logo\":{\"@type\":\"ImageObject\",\"inLanguage\":\"es\",\"@id\":\"https:\\\/\\\/tradetravelchill.club\\\/#\\\/schema\\\/logo\\\/image\\\/\",\"url\":\"https:\\\/\\\/tradetravelchill.club\\\/wp-content\\\/uploads\\\/2026\\\/03\\\/Trade-Travel-Chill.png\",\"contentUrl\":\"https:\\\/\\\/tradetravelchill.club\\\/wp-content\\\/uploads\\\/2026\\\/03\\\/Trade-Travel-Chill.png\",\"width\":1200,\"height\":630,\"caption\":\"Trade Travel Chill\"},\"image\":{\"@id\":\"https:\\\/\\\/tradetravelchill.club\\\/#\\\/schema\\\/logo\\\/image\\\/\"},\"sameAs\":[\"https:\\\/\\\/www.facebook.com\\\/annii.trader\",\"https:\\\/\\\/x.com\\\/tradetravelchil\",\"https:\\\/\\\/www.youtube.com\\\/c\\\/TradeTravelChill\",\"https:\\\/\\\/www.instagram.com\\\/tradetravelchill\\\/\"]}]}<\/script>\n<!-- \/ Yoast SEO plugin. -->","yoast_head_json":{"title":"Pol\u00edtica de Cancelaci\u00f3n y Reembolso - Trade Travel Chill","robots":{"index":"index","follow":"follow","max-snippet":"max-snippet:-1","max-image-preview":"max-image-preview:large","max-video-preview":"max-video-preview:-1"},"canonical":"https:\/\/tradetravelchill.club\/es\/politica-de-cancelacion\/","og_locale":"es_ES","og_type":"article","og_title":"Pol\u00edtica de Cancelaci\u00f3n y Reembolso - Trade Travel Chill","og_description":"Pol\u00edtica de cancelaci\u00f3n Tu afiliaci\u00f3n est\u00e1 configurada para renovarse autom\u00e1ticamente al final de cada ciclo de facturaci\u00f3n para garantizar un acceso ininterrumpido a nuestros servicios. Si deseas cancelar tu afiliaci\u00f3n, [&hellip;]","og_url":"https:\/\/tradetravelchill.club\/es\/politica-de-cancelacion\/","og_site_name":"Trade Travel Chill","article_publisher":"https:\/\/www.facebook.com\/annii.trader","article_modified_time":"2025-03-24T16:22:21+00:00","twitter_card":"summary_large_image","twitter_site":"@tradetravelchil","twitter_misc":{"Tiempo de lectura":"2 minutos"},"schema":{"@context":"https:\/\/schema.org","@graph":[{"@type":"WebPage","@id":"https:\/\/tradetravelchill.club\/es\/politica-de-cancelacion\/","url":"https:\/\/tradetravelchill.club\/es\/politica-de-cancelacion\/","name":"Pol\u00edtica de Cancelaci\u00f3n y Reembolso - Trade Travel Chill","isPartOf":{"@id":"https:\/\/tradetravelchill.club\/#website"},"datePublished":"2025-02-27T13:44:48+00:00","dateModified":"2025-03-24T16:22:21+00:00","breadcrumb":{"@id":"https:\/\/tradetravelchill.club\/es\/politica-de-cancelacion\/#breadcrumb"},"inLanguage":"es","potentialAction":[{"@type":"ReadAction","target":["https:\/\/tradetravelchill.club\/es\/politica-de-cancelacion\/"]}]},{"@type":"BreadcrumbList","@id":"https:\/\/tradetravelchill.club\/es\/politica-de-cancelacion\/#breadcrumb","itemListElement":[{"@type":"ListItem","position":1,"name":"Home","item":"https:\/\/tradetravelchill.club\/es\/"},{"@type":"ListItem","position":2,"name":"Pol\u00edtica de Cancelaci\u00f3n y Reembolso"}]},{"@type":"WebSite","@id":"https:\/\/tradetravelchill.club\/#website","url":"https:\/\/tradetravelchill.club\/","name":"Trade Travel Chill","description":"Trade Like Market Makers","publisher":{"@id":"https:\/\/tradetravelchill.club\/#organization"},"potentialAction":[{"@type":"SearchAction","target":{"@type":"EntryPoint","urlTemplate":"https:\/\/tradetravelchill.club\/?s={search_term_string}"},"query-input":{"@type":"PropertyValueSpecification","valueRequired":true,"valueName":"search_term_string"}}],"inLanguage":"es"},{"@type":"Organization","@id":"https:\/\/tradetravelchill.club\/#organization","name":"Trade Travel Chill","url":"https:\/\/tradetravelchill.club\/","logo":{"@type":"ImageObject","inLanguage":"es","@id":"https:\/\/tradetravelchill.club\/#\/schema\/logo\/image\/","url":"https:\/\/tradetravelchill.club\/wp-content\/uploads\/2026\/03\/Trade-Travel-Chill.png","contentUrl":"https:\/\/tradetravelchill.club\/wp-content\/uploads\/2026\/03\/Trade-Travel-Chill.png","width":1200,"height":630,"caption":"Trade Travel Chill"},"image":{"@id":"https:\/\/tradetravelchill.club\/#\/schema\/logo\/image\/"},"sameAs":["https:\/\/www.facebook.com\/annii.trader","https:\/\/x.com\/tradetravelchil","https:\/\/www.youtube.com\/c\/TradeTravelChill","https:\/\/www.instagram.com\/tradetravelchill\/"]}]}},"_links":{"self":[{"href":"https:\/\/tradetravelchill.club\/es\/wp-json\/wp\/v2\/pages\/13051","targetHints":{"allow":["GET"]}}],"collection":[{"href":"https:\/\/tradetravelchill.club\/es\/wp-json\/wp\/v2\/pages"}],"about":[{"href":"https:\/\/tradetravelchill.club\/es\/wp-json\/wp\/v2\/types\/page"}],"author":[{"embeddable":true,"href":"https:\/\/tradetravelchill.club\/es\/wp-json\/wp\/v2\/users\/4"}],"replies":[{"embeddable":true,"href":"https:\/\/tradetravelchill.club\/es\/wp-json\/wp\/v2\/comments?post=13051"}],"version-history":[{"count":0,"href":"https:\/\/tradetravelchill.club\/es\/wp-json\/wp\/v2\/pages\/13051\/revisions"}],"wp:attachment":[{"href":"https:\/\/tradetravelchill.club\/es\/wp-json\/wp\/v2\/media?parent=13051"}],"curies":[{"name":"wp","href":"https:\/\/api.w.org\/{rel}","templated":true}]}}