{"id":16864,"date":"2025-01-29T06:14:43","date_gmt":"2025-01-29T11:14:43","guid":{"rendered":"https:\/\/tradetravelchill.club\/cursos-en-linea\/"},"modified":"2026-03-25T07:32:11","modified_gmt":"2026-03-25T11:32:11","slug":"cursos-en-linea","status":"publish","type":"page","link":"https:\/\/tradetravelchill.club\/es\/cursos-en-linea\/","title":{"rendered":"Cursos en l\u00ednea"},"content":{"rendered":"\t\t<div data-elementor-type=\"wp-page\" data-elementor-id=\"16864\" class=\"elementor elementor-16864 elementor-11577\" data-elementor-post-type=\"page\">\n\t\t\t\t<div class=\"elementor-element elementor-element-fa05fdf e-con-full e-flex e-con e-parent\" data-id=\"fa05fdf\" data-element_type=\"container\" data-e-type=\"container\">\n\t\t<div class=\"elementor-element elementor-element-c23e582 e-con-full e-flex e-con e-child\" data-id=\"c23e582\" data-element_type=\"container\" data-e-type=\"container\" data-settings=\"{&quot;background_background&quot;:&quot;classic&quot;}\">\n\t\t\t\t<div class=\"elementor-element elementor-element-28681fe elementor-widget elementor-widget-image\" data-id=\"28681fe\" data-element_type=\"widget\" data-e-type=\"widget\" data-widget_type=\"image.default\">\n\t\t\t\t<div class=\"elementor-widget-container\">\n\t\t\t\t\t\t\t\t\t\t\t\t\t\t\t<img fetchpriority=\"high\" decoding=\"async\" width=\"600\" height=\"450\" src=\"https:\/\/tradetravelchill.club\/wp-content\/uploads\/2025\/01\/Our-Courses.png\" class=\"attachment-large size-large wp-image-16541\" alt=\"\" srcset=\"https:\/\/tradetravelchill.club\/wp-content\/uploads\/2025\/01\/Our-Courses.png 600w, https:\/\/tradetravelchill.club\/wp-content\/uploads\/2025\/01\/Our-Courses-300x225.png 300w\" sizes=\"(max-width: 600px) 100vw, 600px\" \/>\t\t\t\t\t\t\t\t\t\t\t\t\t\t\t<\/div>\n\t\t\t\t<\/div>\n\t\t\t\t<div class=\"elementor-element elementor-element-9ea2f5c elementor-widget elementor-widget-heading\" data-id=\"9ea2f5c\" data-element_type=\"widget\" data-e-type=\"widget\" data-widget_type=\"heading.default\">\n\t\t\t\t<div class=\"elementor-widget-container\">\n\t\t\t\t\t<h2 class=\"elementor-heading-title elementor-size-default\">Nuestros cursos<\/h2>\t\t\t\t<\/div>\n\t\t\t\t<\/div>\n\t\t\t\t<div class=\"elementor-element elementor-element-add6eab elementor-widget elementor-widget-text-editor\" data-id=\"add6eab\" data-element_type=\"widget\" data-e-type=\"widget\" data-widget_type=\"text-editor.default\">\n\t\t\t\t<div class=\"elementor-widget-container\">\n\t\t\t\t\t\t\t\t\tDomina el arte del trading con lecciones estructuradas dise\u00f1adas para llevarte de principiante a profesional. Aprende estrategias probadas, gesti\u00f3n del riesgo y psicolog\u00eda del mercado. \n\t\t\t\t\t\t\t\t<\/div>\n\t\t\t\t<\/div>\n\t\t\t\t<div class=\"elementor-element elementor-element-4524081 elementor-align-left elementor-mobile-align-justify elementor-widget elementor-widget-button\" data-id=\"4524081\" data-element_type=\"widget\" data-e-type=\"widget\" data-widget_type=\"button.default\">\n\t\t\t\t<div class=\"elementor-widget-container\">\n\t\t\t\t\t\t\t\t\t<div class=\"elementor-button-wrapper\">\n\t\t\t\t\t<a class=\"elementor-button elementor-button-link elementor-size-sm elementor-animation-float\" href=\"https:\/\/tradetravelchill.club\/es\/inicio\/\">\n\t\t\t\t\t\t<span class=\"elementor-button-content-wrapper\">\n\t\t\t\t\t\t\t\t\t<span class=\"elementor-button-text\">Explora ahora<\/span>\n\t\t\t\t\t<\/span>\n\t\t\t\t\t<\/a>\n\t\t\t\t<\/div>\n\t\t\t\t\t\t\t\t<\/div>\n\t\t\t\t<\/div>\n\t\t\t\t<\/div>\n\t\t<div class=\"elementor-element elementor-element-f177978 e-con-full e-flex e-con e-child\" data-id=\"f177978\" data-element_type=\"container\" data-e-type=\"container\" data-settings=\"{&quot;background_background&quot;:&quot;classic&quot;}\">\n\t\t\t\t<div class=\"elementor-element elementor-element-109669f elementor-widget elementor-widget-image\" data-id=\"109669f\" data-element_type=\"widget\" data-e-type=\"widget\" data-widget_type=\"image.default\">\n\t\t\t\t<div class=\"elementor-widget-container\">\n\t\t\t\t\t\t\t\t\t\t\t\t\t\t\t<img decoding=\"async\" width=\"600\" height=\"450\" src=\"https:\/\/tradetravelchill.club\/wp-content\/uploads\/2025\/01\/Live-Sessions.png\" class=\"attachment-large size-large wp-image-16549\" alt=\"\" srcset=\"https:\/\/tradetravelchill.club\/wp-content\/uploads\/2025\/01\/Live-Sessions.png 600w, https:\/\/tradetravelchill.club\/wp-content\/uploads\/2025\/01\/Live-Sessions-300x225.png 300w\" sizes=\"(max-width: 600px) 100vw, 600px\" \/>\t\t\t\t\t\t\t\t\t\t\t\t\t\t\t<\/div>\n\t\t\t\t<\/div>\n\t\t\t\t<div class=\"elementor-element elementor-element-6538316 elementor-widget elementor-widget-heading\" data-id=\"6538316\" data-element_type=\"widget\" data-e-type=\"widget\" data-widget_type=\"heading.default\">\n\t\t\t\t<div class=\"elementor-widget-container\">\n\t\t\t\t\t<h2 class=\"elementor-heading-title elementor-size-default\">Sesiones en directo<\/h2>\t\t\t\t<\/div>\n\t\t\t\t<\/div>\n\t\t\t\t<div class=\"elementor-element elementor-element-b637a3e elementor-widget elementor-widget-text-editor\" data-id=\"b637a3e\" data-element_type=\"widget\" data-e-type=\"widget\" data-widget_type=\"text-editor.default\">\n\t\t\t\t<div class=\"elementor-widget-container\">\n\t\t\t\t\t\t\t\t\t\u00danete a las sesiones en directo dirigidas por expertos, en las que analizamos los movimientos del mercado en tiempo real, respondemos a preguntas y compartimos ideas pr\u00e1cticas que te ayudar\u00e1n a mantenerte a la vanguardia.\n\t\t\t\t\t\t\t\t<\/div>\n\t\t\t\t<\/div>\n\t\t\t\t<div class=\"elementor-element elementor-element-c8c0383 elementor-align-left elementor-mobile-align-justify elementor-widget elementor-widget-button\" data-id=\"c8c0383\" data-element_type=\"widget\" data-e-type=\"widget\" data-widget_type=\"button.default\">\n\t\t\t\t<div class=\"elementor-widget-container\">\n\t\t\t\t\t\t\t\t\t<div class=\"elementor-button-wrapper\">\n\t\t\t\t\t<a class=\"elementor-button elementor-button-link elementor-size-sm elementor-animation-float\" href=\"https:\/\/tradetravelchill.club\/es\/calendario-de-eventos\/\">\n\t\t\t\t\t\t<span class=\"elementor-button-content-wrapper\">\n\t\t\t\t\t\t\t\t\t<span class=\"elementor-button-text\">Explora ahora<\/span>\n\t\t\t\t\t<\/span>\n\t\t\t\t\t<\/a>\n\t\t\t\t<\/div>\n\t\t\t\t\t\t\t\t<\/div>\n\t\t\t\t<\/div>\n\t\t\t\t<\/div>\n\t\t<div class=\"elementor-element elementor-element-a978247 e-con-full e-flex e-con e-child\" data-id=\"a978247\" data-element_type=\"container\" data-e-type=\"container\" data-settings=\"{&quot;background_background&quot;:&quot;classic&quot;}\">\n\t\t\t\t<div class=\"elementor-element elementor-element-6035190 elementor-widget elementor-widget-image\" data-id=\"6035190\" data-element_type=\"widget\" data-e-type=\"widget\" data-widget_type=\"image.default\">\n\t\t\t\t<div class=\"elementor-widget-container\">\n\t\t\t\t\t\t\t\t\t\t\t\t\t\t\t<img decoding=\"async\" width=\"600\" height=\"450\" src=\"https:\/\/tradetravelchill.club\/wp-content\/uploads\/2025\/01\/Live-Recordings.png\" class=\"attachment-large size-large wp-image-16545\" alt=\"\" srcset=\"https:\/\/tradetravelchill.club\/wp-content\/uploads\/2025\/01\/Live-Recordings.png 600w, https:\/\/tradetravelchill.club\/wp-content\/uploads\/2025\/01\/Live-Recordings-300x225.png 300w\" sizes=\"(max-width: 600px) 100vw, 600px\" \/>\t\t\t\t\t\t\t\t\t\t\t\t\t\t\t<\/div>\n\t\t\t\t<\/div>\n\t\t\t\t<div class=\"elementor-element elementor-element-26d79d6 elementor-widget elementor-widget-heading\" data-id=\"26d79d6\" data-element_type=\"widget\" data-e-type=\"widget\" data-widget_type=\"heading.default\">\n\t\t\t\t<div class=\"elementor-widget-container\">\n\t\t\t\t\t<h2 class=\"elementor-heading-title elementor-size-default\">Grabaciones de la sesi\u00f3n<\/h2>\t\t\t\t<\/div>\n\t\t\t\t<\/div>\n\t\t\t\t<div class=\"elementor-element elementor-element-a9def76 elementor-widget elementor-widget-text-editor\" data-id=\"a9def76\" data-element_type=\"widget\" data-e-type=\"widget\" data-widget_type=\"text-editor.default\">\n\t\t\t\t<div class=\"elementor-widget-container\">\n\t\t\t\t\t\t\t\t\t\u00bfTe has perdido una sesi\u00f3n en directo? No hay problema. Accede a repeticiones exclusivas en cualquier momento para ponerte al d\u00eda sobre las ideas de los expertos, estrategias probadas y an\u00e1lisis de mercado.  \n\t\t\t\t\t\t\t\t<\/div>\n\t\t\t\t<\/div>\n\t\t\t\t<div class=\"elementor-element elementor-element-b9d60c6 elementor-align-left elementor-mobile-align-justify elementor-widget elementor-widget-button\" data-id=\"b9d60c6\" data-element_type=\"widget\" data-e-type=\"widget\" data-widget_type=\"button.default\">\n\t\t\t\t<div class=\"elementor-widget-container\">\n\t\t\t\t\t\t\t\t\t<div class=\"elementor-button-wrapper\">\n\t\t\t\t\t<a class=\"elementor-button elementor-button-link elementor-size-sm elementor-animation-float\" href=\"https:\/\/tradetravelchill.club\/es\/grabaciones-de-sesiones-en-directo\/\">\n\t\t\t\t\t\t<span class=\"elementor-button-content-wrapper\">\n\t\t\t\t\t\t\t\t\t<span class=\"elementor-button-text\">Explora ahora<\/span>\n\t\t\t\t\t<\/span>\n\t\t\t\t\t<\/a>\n\t\t\t\t<\/div>\n\t\t\t\t\t\t\t\t<\/div>\n\t\t\t\t<\/div>\n\t\t\t\t<\/div>\n\t\t\t\t<\/div>\n\t\t\t\t<\/div>\n\t\t","protected":false},"excerpt":{"rendered":"<p>Nuestros cursos Domina el arte del trading con lecciones estructuradas dise\u00f1adas para llevarte de principiante a profesional. Aprende estrategias probadas, gesti\u00f3n del riesgo y psicolog\u00eda del mercado. Explora ahora Sesiones [&hellip;]<\/p>\n","protected":false},"author":4,"featured_media":0,"parent":0,"menu_order":0,"comment_status":"closed","ping_status":"closed","template":"","meta":{"pmpro_default_level":"","footnotes":""},"class_list":["post-16864","page","type-page","status-publish","hentry","pmpro-has-access"],"yoast_head":"<!-- This site is optimized with the Yoast SEO plugin v27.3 - https:\/\/yoast.com\/product\/yoast-seo-wordpress\/ -->\n<title>Cursos en l\u00ednea - Trade Travel Chill<\/title>\n<meta name=\"robots\" content=\"index, follow, max-snippet:-1, max-image-preview:large, max-video-preview:-1\" \/>\n<link rel=\"canonical\" href=\"https:\/\/tradetravelchill.club\/es\/cursos-en-linea\/\" \/>\n<meta property=\"og:locale\" content=\"es_ES\" \/>\n<meta property=\"og:type\" content=\"article\" \/>\n<meta property=\"og:title\" content=\"Cursos en l\u00ednea - Trade Travel Chill\" \/>\n<meta property=\"og:description\" content=\"Nuestros cursos Domina el arte del trading con lecciones estructuradas dise\u00f1adas para llevarte de principiante a profesional. Aprende estrategias probadas, gesti\u00f3n del riesgo y psicolog\u00eda del mercado. Explora ahora Sesiones [&hellip;]\" \/>\n<meta property=\"og:url\" content=\"https:\/\/tradetravelchill.club\/es\/cursos-en-linea\/\" \/>\n<meta property=\"og:site_name\" content=\"Trade Travel Chill\" \/>\n<meta property=\"article:publisher\" content=\"https:\/\/www.facebook.com\/annii.trader\" \/>\n<meta property=\"article:modified_time\" content=\"2026-03-25T11:32:11+00:00\" \/>\n<meta property=\"og:image\" content=\"https:\/\/tradetravelchill.club\/wp-content\/uploads\/2025\/01\/Our-Courses.png\" \/>\n<meta name=\"twitter:card\" content=\"summary_large_image\" \/>\n<meta name=\"twitter:site\" content=\"@tradetravelchil\" \/>\n<meta name=\"twitter:label1\" content=\"Tiempo de lectura\" \/>\n\t<meta name=\"twitter:data1\" content=\"1 minuto\" \/>\n<script type=\"application\/ld+json\" class=\"yoast-schema-graph\">{\"@context\":\"https:\\\/\\\/schema.org\",\"@graph\":[{\"@type\":\"WebPage\",\"@id\":\"https:\\\/\\\/tradetravelchill.club\\\/es\\\/cursos-en-linea\\\/\",\"url\":\"https:\\\/\\\/tradetravelchill.club\\\/es\\\/cursos-en-linea\\\/\",\"name\":\"Cursos en l\u00ednea - Trade Travel Chill\",\"isPartOf\":{\"@id\":\"https:\\\/\\\/tradetravelchill.club\\\/#website\"},\"primaryImageOfPage\":{\"@id\":\"https:\\\/\\\/tradetravelchill.club\\\/es\\\/cursos-en-linea\\\/#primaryimage\"},\"image\":{\"@id\":\"https:\\\/\\\/tradetravelchill.club\\\/es\\\/cursos-en-linea\\\/#primaryimage\"},\"thumbnailUrl\":\"https:\\\/\\\/tradetravelchill.club\\\/wp-content\\\/uploads\\\/2025\\\/01\\\/Our-Courses.png\",\"datePublished\":\"2025-01-29T11:14:43+00:00\",\"dateModified\":\"2026-03-25T11:32:11+00:00\",\"breadcrumb\":{\"@id\":\"https:\\\/\\\/tradetravelchill.club\\\/es\\\/cursos-en-linea\\\/#breadcrumb\"},\"inLanguage\":\"es\",\"potentialAction\":[{\"@type\":\"ReadAction\",\"target\":[\"https:\\\/\\\/tradetravelchill.club\\\/es\\\/cursos-en-linea\\\/\"]}]},{\"@type\":\"ImageObject\",\"inLanguage\":\"es\",\"@id\":\"https:\\\/\\\/tradetravelchill.club\\\/es\\\/cursos-en-linea\\\/#primaryimage\",\"url\":\"https:\\\/\\\/tradetravelchill.club\\\/wp-content\\\/uploads\\\/2025\\\/01\\\/Our-Courses.png\",\"contentUrl\":\"https:\\\/\\\/tradetravelchill.club\\\/wp-content\\\/uploads\\\/2025\\\/01\\\/Our-Courses.png\"},{\"@type\":\"BreadcrumbList\",\"@id\":\"https:\\\/\\\/tradetravelchill.club\\\/es\\\/cursos-en-linea\\\/#breadcrumb\",\"itemListElement\":[{\"@type\":\"ListItem\",\"position\":1,\"name\":\"Home\",\"item\":\"https:\\\/\\\/tradetravelchill.club\\\/es\\\/\"},{\"@type\":\"ListItem\",\"position\":2,\"name\":\"Cursos en l\u00ednea\"}]},{\"@type\":\"WebSite\",\"@id\":\"https:\\\/\\\/tradetravelchill.club\\\/#website\",\"url\":\"https:\\\/\\\/tradetravelchill.club\\\/\",\"name\":\"Trade Travel Chill\",\"description\":\"Trade Like Market Makers\",\"publisher\":{\"@id\":\"https:\\\/\\\/tradetravelchill.club\\\/#organization\"},\"potentialAction\":[{\"@type\":\"SearchAction\",\"target\":{\"@type\":\"EntryPoint\",\"urlTemplate\":\"https:\\\/\\\/tradetravelchill.club\\\/?s={search_term_string}\"},\"query-input\":{\"@type\":\"PropertyValueSpecification\",\"valueRequired\":true,\"valueName\":\"search_term_string\"}}],\"inLanguage\":\"es\"},{\"@type\":\"Organization\",\"@id\":\"https:\\\/\\\/tradetravelchill.club\\\/#organization\",\"name\":\"Trade Travel Chill\",\"url\":\"https:\\\/\\\/tradetravelchill.club\\\/\",\"logo\":{\"@type\":\"ImageObject\",\"inLanguage\":\"es\",\"@id\":\"https:\\\/\\\/tradetravelchill.club\\\/#\\\/schema\\\/logo\\\/image\\\/\",\"url\":\"https:\\\/\\\/tradetravelchill.club\\\/wp-content\\\/uploads\\\/2026\\\/03\\\/Trade-Travel-Chill.png\",\"contentUrl\":\"https:\\\/\\\/tradetravelchill.club\\\/wp-content\\\/uploads\\\/2026\\\/03\\\/Trade-Travel-Chill.png\",\"width\":1200,\"height\":630,\"caption\":\"Trade Travel Chill\"},\"image\":{\"@id\":\"https:\\\/\\\/tradetravelchill.club\\\/#\\\/schema\\\/logo\\\/image\\\/\"},\"sameAs\":[\"https:\\\/\\\/www.facebook.com\\\/annii.trader\",\"https:\\\/\\\/x.com\\\/tradetravelchil\",\"https:\\\/\\\/www.youtube.com\\\/c\\\/TradeTravelChill\",\"https:\\\/\\\/www.instagram.com\\\/tradetravelchill\\\/\"]}]}<\/script>\n<!-- \/ Yoast SEO plugin. -->","yoast_head_json":{"title":"Cursos en l\u00ednea - Trade Travel Chill","robots":{"index":"index","follow":"follow","max-snippet":"max-snippet:-1","max-image-preview":"max-image-preview:large","max-video-preview":"max-video-preview:-1"},"canonical":"https:\/\/tradetravelchill.club\/es\/cursos-en-linea\/","og_locale":"es_ES","og_type":"article","og_title":"Cursos en l\u00ednea - Trade Travel Chill","og_description":"Nuestros cursos Domina el arte del trading con lecciones estructuradas dise\u00f1adas para llevarte de principiante a profesional. Aprende estrategias probadas, gesti\u00f3n del riesgo y psicolog\u00eda del mercado. Explora ahora Sesiones [&hellip;]","og_url":"https:\/\/tradetravelchill.club\/es\/cursos-en-linea\/","og_site_name":"Trade Travel Chill","article_publisher":"https:\/\/www.facebook.com\/annii.trader","article_modified_time":"2026-03-25T11:32:11+00:00","og_image":[{"url":"https:\/\/tradetravelchill.club\/wp-content\/uploads\/2025\/01\/Our-Courses.png","type":"","width":"","height":""}],"twitter_card":"summary_large_image","twitter_site":"@tradetravelchil","twitter_misc":{"Tiempo de lectura":"1 minuto"},"schema":{"@context":"https:\/\/schema.org","@graph":[{"@type":"WebPage","@id":"https:\/\/tradetravelchill.club\/es\/cursos-en-linea\/","url":"https:\/\/tradetravelchill.club\/es\/cursos-en-linea\/","name":"Cursos en l\u00ednea - Trade Travel Chill","isPartOf":{"@id":"https:\/\/tradetravelchill.club\/#website"},"primaryImageOfPage":{"@id":"https:\/\/tradetravelchill.club\/es\/cursos-en-linea\/#primaryimage"},"image":{"@id":"https:\/\/tradetravelchill.club\/es\/cursos-en-linea\/#primaryimage"},"thumbnailUrl":"https:\/\/tradetravelchill.club\/wp-content\/uploads\/2025\/01\/Our-Courses.png","datePublished":"2025-01-29T11:14:43+00:00","dateModified":"2026-03-25T11:32:11+00:00","breadcrumb":{"@id":"https:\/\/tradetravelchill.club\/es\/cursos-en-linea\/#breadcrumb"},"inLanguage":"es","potentialAction":[{"@type":"ReadAction","target":["https:\/\/tradetravelchill.club\/es\/cursos-en-linea\/"]}]},{"@type":"ImageObject","inLanguage":"es","@id":"https:\/\/tradetravelchill.club\/es\/cursos-en-linea\/#primaryimage","url":"https:\/\/tradetravelchill.club\/wp-content\/uploads\/2025\/01\/Our-Courses.png","contentUrl":"https:\/\/tradetravelchill.club\/wp-content\/uploads\/2025\/01\/Our-Courses.png"},{"@type":"BreadcrumbList","@id":"https:\/\/tradetravelchill.club\/es\/cursos-en-linea\/#breadcrumb","itemListElement":[{"@type":"ListItem","position":1,"name":"Home","item":"https:\/\/tradetravelchill.club\/es\/"},{"@type":"ListItem","position":2,"name":"Cursos en l\u00ednea"}]},{"@type":"WebSite","@id":"https:\/\/tradetravelchill.club\/#website","url":"https:\/\/tradetravelchill.club\/","name":"Trade Travel Chill","description":"Trade Like Market Makers","publisher":{"@id":"https:\/\/tradetravelchill.club\/#organization"},"potentialAction":[{"@type":"SearchAction","target":{"@type":"EntryPoint","urlTemplate":"https:\/\/tradetravelchill.club\/?s={search_term_string}"},"query-input":{"@type":"PropertyValueSpecification","valueRequired":true,"valueName":"search_term_string"}}],"inLanguage":"es"},{"@type":"Organization","@id":"https:\/\/tradetravelchill.club\/#organization","name":"Trade Travel Chill","url":"https:\/\/tradetravelchill.club\/","logo":{"@type":"ImageObject","inLanguage":"es","@id":"https:\/\/tradetravelchill.club\/#\/schema\/logo\/image\/","url":"https:\/\/tradetravelchill.club\/wp-content\/uploads\/2026\/03\/Trade-Travel-Chill.png","contentUrl":"https:\/\/tradetravelchill.club\/wp-content\/uploads\/2026\/03\/Trade-Travel-Chill.png","width":1200,"height":630,"caption":"Trade Travel Chill"},"image":{"@id":"https:\/\/tradetravelchill.club\/#\/schema\/logo\/image\/"},"sameAs":["https:\/\/www.facebook.com\/annii.trader","https:\/\/x.com\/tradetravelchil","https:\/\/www.youtube.com\/c\/TradeTravelChill","https:\/\/www.instagram.com\/tradetravelchill\/"]}]}},"_links":{"self":[{"href":"https:\/\/tradetravelchill.club\/es\/wp-json\/wp\/v2\/pages\/16864","targetHints":{"allow":["GET"]}}],"collection":[{"href":"https:\/\/tradetravelchill.club\/es\/wp-json\/wp\/v2\/pages"}],"about":[{"href":"https:\/\/tradetravelchill.club\/es\/wp-json\/wp\/v2\/types\/page"}],"author":[{"embeddable":true,"href":"https:\/\/tradetravelchill.club\/es\/wp-json\/wp\/v2\/users\/4"}],"replies":[{"embeddable":true,"href":"https:\/\/tradetravelchill.club\/es\/wp-json\/wp\/v2\/comments?post=16864"}],"version-history":[{"count":1,"href":"https:\/\/tradetravelchill.club\/es\/wp-json\/wp\/v2\/pages\/16864\/revisions"}],"predecessor-version":[{"id":37626,"href":"https:\/\/tradetravelchill.club\/es\/wp-json\/wp\/v2\/pages\/16864\/revisions\/37626"}],"wp:attachment":[{"href":"https:\/\/tradetravelchill.club\/es\/wp-json\/wp\/v2\/media?parent=16864"}],"curies":[{"name":"wp","href":"https:\/\/api.w.org\/{rel}","templated":true}]}}