{"id":16929,"date":"2022-06-23T04:46:44","date_gmt":"2022-06-23T08:46:44","guid":{"rendered":"https:\/\/tradetravelchill.club\/politica-de-privacidad\/"},"modified":"2022-06-23T04:46:44","modified_gmt":"2022-06-23T08:46:44","slug":"politica-de-privacidad","status":"publish","type":"page","link":"https:\/\/tradetravelchill.club\/es\/politica-de-privacidad\/","title":{"rendered":"Pol\u00edtica de privacidad"},"content":{"rendered":"<p>Tu privacidad es muy importante para nosotros. En Trade Travel Chill seguimos algunos principios fundamentales: <\/p>\n<p>No te pedimos informaci\u00f3n personal a menos que realmente la necesitemos. (No soportamos los servicios que te piden cosas como tu sexo o tu nivel de ingresos sin motivo aparente.)<br \/>\nNo compartimos tu informaci\u00f3n personal con nadie excepto para cumplir la ley, desarrollar nuestros productos o proteger nuestros derechos.<br \/>\nNo almacenamos informaci\u00f3n personal en nuestros servidores a menos que sea necesario para el funcionamiento continuo de nuestro sitio.<br \/>\nTTC Group LLC FZ (\u00abTrade Travel Chill\u00bb) gestiona varios sitios web, entre ellos tradetravechill.com, y tradetravelchill.club. La pol\u00edtica de Trade Travel Chill es respetar tu privacidad en relaci\u00f3n con cualquier informaci\u00f3n que podamos recopilar mientras gestionamos nuestros sitios web.  <\/p>\n<h4>Visitantes del sitio web<\/h4>\n<p>Como la mayor\u00eda de los operadores de sitios web, Trade Travel Chill recopila informaci\u00f3n de identificaci\u00f3n no personal del tipo que los navegadores y servidores web suelen poner a disposici\u00f3n, como el tipo de navegador, la preferencia de idioma, el sitio de referencia y la fecha y hora de cada solicitud de visitante. El prop\u00f3sito de Trade Travel Chill al recopilar informaci\u00f3n de identificaci\u00f3n no personal es comprender mejor c\u00f3mo utilizan su sitio web los visitantes de Trade Travel Chill. De vez en cuando, Trade Travel Chill puede publicar informaci\u00f3n de identificaci\u00f3n no personal en conjunto, por ejemplo, mediante la publicaci\u00f3n de un informe sobre las tendencias en el uso de su sitio web.  <\/p>\n<p>Trade Travel Chill tambi\u00e9n recopila informaci\u00f3n potencial de identificaci\u00f3n personal, como las direcciones de Protocolo de Internet (IP) de los usuarios registrados y de los usuarios que dejan comentarios en nuestros blogs. Trade Travel Chill s\u00f3lo revela las direcciones IP de los usuarios registrados y de los comentaristas en las mismas circunstancias que utiliza y revela la informaci\u00f3n de identificaci\u00f3n personal descrita a continuaci\u00f3n, excepto que las direcciones IP de los comentaristas del blog son visibles y se revelan a los administradores del blog donde se dej\u00f3 el comentario. <\/p>\n<h4>Recogida de informaci\u00f3n de identificaci\u00f3n personal<\/h4>\n<p>Algunos visitantes de los sitios web de Trade Travel Chill eligen interactuar con Trade Travel Chill de formas que requieren que Trade Travel Chill recopile informaci\u00f3n de identificaci\u00f3n personal. La cantidad y el tipo de informaci\u00f3n que Trade Travel Chill recopila depende de la naturaleza de la interacci\u00f3n. Por ejemplo, pedimos a los visitantes que comentan en nuestro blog que proporcionen un nombre de usuario y una direcci\u00f3n de correo electr\u00f3nico. Aquellos que desean recibir actualizaciones de Trade Travel Chill por correo electr\u00f3nico, recopilamos sus correos electr\u00f3nicos. En cada caso, Trade Travel Chill recoge dicha informaci\u00f3n s\u00f3lo en la medida necesaria o apropiada para cumplir el prop\u00f3sito de la interacci\u00f3n del visitante con Trade Travel Chill. Trade Travel Chill no revela informaci\u00f3n de identificaci\u00f3n personal que no sea la descrita a continuaci\u00f3n. Y los visitantes siempre pueden negarse a facilitar informaci\u00f3n de identificaci\u00f3n personal, con la advertencia de que ello puede impedirles participar en determinadas actividades relacionadas con el sitio web.      <\/p>\n<h4>Estad\u00edsticas agregadas<\/h4>\n<p>Trade Travel Chill puede recopilar estad\u00edsticas sobre el comportamiento de los visitantes de sus sitios web. Por ejemplo, Trade Travel Chill puede supervisar las p\u00e1ginas m\u00e1s populares del sitio tradetravelchill.club o utilizar spam filtrado por el servicio Akismet para ayudar a identificar el spam. Trade Travel Chill puede mostrar esta informaci\u00f3n p\u00fablicamente o facilitarla a terceros. Sin embargo, Trade Travel Chill no revela informaci\u00f3n de identificaci\u00f3n personal salvo en los casos que se describen a continuaci\u00f3n.   <\/p>\n<h4>Protecci\u00f3n de determinados datos de identificaci\u00f3n personal<\/h4>\n<p>Trade Travel Chill s\u00f3lo divulga informaci\u00f3n potencialmente identificable y de identificaci\u00f3n personal a aquellos de sus empleados, contratistas y organizaciones afiliadas que (i) necesitan conocer dicha informaci\u00f3n para procesarla en nombre de Trade Travel Chill o para prestar servicios disponibles en los sitios web de Trade Travel Chill, y (ii) que han acordado no divulgarla a terceros. Algunos de esos empleados, contratistas y organizaciones afiliadas pueden estar ubicados fuera de tu pa\u00eds de origen; al utilizar los sitios web de Trade Travel Chill, consientes en que se les transfiera dicha informaci\u00f3n. Trade Travel Chill no alquilar\u00e1 ni vender\u00e1 a nadie la informaci\u00f3n que pueda identificarte personalmente. Aparte de a sus empleados, contratistas y organizaciones afiliadas, seg\u00fan lo descrito anteriormente, Trade Travel Chill s\u00f3lo revela informaci\u00f3n potencialmente identificable y de identificaci\u00f3n personal en respuesta a una citaci\u00f3n, orden judicial u otra solicitud gubernamental, o cuando Trade Travel Chill crea de buena fe que su divulgaci\u00f3n es razonablemente necesaria para proteger los bienes o derechos de Trade Travel Chill, de terceros o del p\u00fablico en general. Si eres un usuario registrado de un sitio web de Trade Travel Chill y has facilitado tu direcci\u00f3n de correo electr\u00f3nico, Trade Travel Chill puede enviarte ocasionalmente un correo electr\u00f3nico para informarte sobre nuevas caracter\u00edsticas, solicitar tus comentarios o simplemente para mantenerte al d\u00eda sobre lo que ocurre con Trade Travel Chill y nuestros productos. Utilizamos principalmente nuestros diversos blogs de productos para comunicar este tipo de informaci\u00f3n, por lo que esperamos mantener este tipo de correo electr\u00f3nico al m\u00ednimo. Si nos env\u00edas una solicitud (por ejemplo, a trav\u00e9s de un correo electr\u00f3nico de asistencia o mediante uno de nuestros mecanismos de comentarios), nos reservamos el derecho a publicarla para ayudarnos a aclarar o responder a tu solicitud o para ayudarnos a prestar asistencia a otros usuarios. Trade Travel Chill toma todas las medidas razonablemente necesarias para protegerse contra el acceso no autorizado, el uso, la alteraci\u00f3n o la destrucci\u00f3n de informaci\u00f3n potencialmente identificadora y de identificaci\u00f3n personal.         <\/p>\n<h4>Cookies<\/h4>\n<p>Una cookie es una cadena de informaci\u00f3n que un sitio web almacena en el ordenador de un visitante, y que el navegador del visitante proporciona al sitio web cada vez que el visitante vuelve. Trade Travel Chill utiliza cookies para ayudar a Trade Travel Chill a identificar y rastrear a los visitantes, el uso que hacen del sitio web de Trade Travel Chill y sus preferencias de acceso al sitio web. Los visitantes de Trade Travel Chill que no deseen que se coloquen cookies en sus ordenadores deben configurar sus navegadores para que rechacen las cookies antes de utilizar los sitios web de Trade Travel Chill, con el inconveniente de que ciertas caracter\u00edsticas de los sitios web de Trade Travel Chill pueden no funcionar correctamente sin la ayuda de las cookies.  <\/p>\n<h4>Transferencia de empresas<\/h4>\n<p>Si Trade Travel Chill, o sustancialmente todos sus activos fueran adquiridos, o en el improbable caso de que Trade Travel Chill quebrara o entrara en quiebra, la informaci\u00f3n del usuario ser\u00eda uno de los activos transferidos o adquiridos por un tercero. Reconoces que pueden producirse dichas transferencias, y que cualquier adquirente de Trade Travel Chill puede seguir utilizando tu informaci\u00f3n personal seg\u00fan lo establecido en esta pol\u00edtica. <\/p>\n<h4>Anuncios<\/h4>\n<p>Los anuncios que aparecen en cualquiera de nuestros sitios web pueden ser enviados a los usuarios por socios publicitarios, que pueden instalar cookies. Estas cookies permiten al servidor de anuncios reconocer tu ordenador cada vez que te env\u00edan un anuncio en l\u00ednea para recopilar informaci\u00f3n sobre ti o sobre otras personas que utilizan tu ordenador. Esta informaci\u00f3n permite a las redes publicitarias, entre otras cosas, enviar anuncios dirigidos que creen que ser\u00e1n de mayor inter\u00e9s para ti. Esta Pol\u00edtica de Privacidad cubre el uso de cookies por parte de Trade Travel Chill y no cubre el uso de cookies por parte de ning\u00fan anunciante.   <\/p>\n<h4>Comentarios<\/h4>\n<p>Los comentarios y otros contenidos enviados al servicio anti-spam Akismet no se guardan en nuestros servidores, a menos que hayan sido marcados como falsos positivos, en cuyo caso los almacenamos el tiempo suficiente para utilizarlos en la mejora del servicio con el fin de evitar futuros falsos positivos.<\/p>\n<h4>Cambios en la Pol\u00edtica de Privacidad<\/h4>\n<p>Aunque es probable que la mayor\u00eda de los cambios sean menores, Trade Travel Chill puede cambiar su Pol\u00edtica de Privacidad de vez en cuando, y a la entera discreci\u00f3n de Trade Travel Chill. Trade Travel Chill anima a sus visitantes a consultar con frecuencia esta p\u00e1gina para comprobar si se han producido cambios en su Pol\u00edtica de Privacidad. El uso continuado de este sitio despu\u00e9s de cualquier cambio en esta Pol\u00edtica de Privacidad constituir\u00e1 tu aceptaci\u00f3n de dicho cambio.  <\/p>\n","protected":false},"excerpt":{"rendered":"<p>Tu privacidad es muy importante para nosotros. En Trade Travel Chill seguimos algunos principios fundamentales: No te pedimos informaci\u00f3n personal a menos que realmente la necesitemos. (No soportamos los servicios [&hellip;]<\/p>\n","protected":false},"author":1,"featured_media":0,"parent":0,"menu_order":29,"comment_status":"closed","ping_status":"open","template":"","meta":{"pmpro_default_level":"","footnotes":""},"class_list":["post-16929","page","type-page","status-publish","hentry","pmpro-has-access"],"yoast_head":"<!-- This site is optimized with the Yoast SEO plugin v27.3 - https:\/\/yoast.com\/product\/yoast-seo-wordpress\/ -->\n<title>Pol\u00edtica de privacidad - Trade Travel Chill<\/title>\n<meta name=\"robots\" content=\"index, follow, max-snippet:-1, max-image-preview:large, max-video-preview:-1\" \/>\n<link rel=\"canonical\" href=\"https:\/\/tradetravelchill.club\/es\/politica-de-privacidad\/\" \/>\n<meta property=\"og:locale\" content=\"es_ES\" \/>\n<meta property=\"og:type\" content=\"article\" \/>\n<meta property=\"og:title\" content=\"Pol\u00edtica de privacidad - Trade Travel Chill\" \/>\n<meta property=\"og:description\" content=\"Tu privacidad es muy importante para nosotros. En Trade Travel Chill seguimos algunos principios fundamentales: No te pedimos informaci\u00f3n personal a menos que realmente la necesitemos. (No soportamos los servicios [&hellip;]\" \/>\n<meta property=\"og:url\" content=\"https:\/\/tradetravelchill.club\/es\/politica-de-privacidad\/\" \/>\n<meta property=\"og:site_name\" content=\"Trade Travel Chill\" \/>\n<meta property=\"article:publisher\" content=\"https:\/\/www.facebook.com\/annii.trader\" \/>\n<meta name=\"twitter:card\" content=\"summary_large_image\" \/>\n<meta name=\"twitter:site\" content=\"@tradetravelchil\" \/>\n<meta name=\"twitter:label1\" content=\"Tiempo de lectura\" \/>\n\t<meta name=\"twitter:data1\" content=\"7 minutos\" \/>\n<script type=\"application\/ld+json\" class=\"yoast-schema-graph\">{\"@context\":\"https:\\\/\\\/schema.org\",\"@graph\":[{\"@type\":\"WebPage\",\"@id\":\"https:\\\/\\\/tradetravelchill.club\\\/es\\\/politica-de-privacidad\\\/\",\"url\":\"https:\\\/\\\/tradetravelchill.club\\\/es\\\/politica-de-privacidad\\\/\",\"name\":\"Pol\u00edtica de privacidad - Trade Travel Chill\",\"isPartOf\":{\"@id\":\"https:\\\/\\\/tradetravelchill.club\\\/#website\"},\"datePublished\":\"2022-06-23T08:46:44+00:00\",\"breadcrumb\":{\"@id\":\"https:\\\/\\\/tradetravelchill.club\\\/es\\\/politica-de-privacidad\\\/#breadcrumb\"},\"inLanguage\":\"es\",\"potentialAction\":[{\"@type\":\"ReadAction\",\"target\":[\"https:\\\/\\\/tradetravelchill.club\\\/es\\\/politica-de-privacidad\\\/\"]}]},{\"@type\":\"BreadcrumbList\",\"@id\":\"https:\\\/\\\/tradetravelchill.club\\\/es\\\/politica-de-privacidad\\\/#breadcrumb\",\"itemListElement\":[{\"@type\":\"ListItem\",\"position\":1,\"name\":\"Home\",\"item\":\"https:\\\/\\\/tradetravelchill.club\\\/es\\\/\"},{\"@type\":\"ListItem\",\"position\":2,\"name\":\"Pol\u00edtica de privacidad\"}]},{\"@type\":\"WebSite\",\"@id\":\"https:\\\/\\\/tradetravelchill.club\\\/#website\",\"url\":\"https:\\\/\\\/tradetravelchill.club\\\/\",\"name\":\"Trade Travel Chill\",\"description\":\"Trade Like Market Makers\",\"publisher\":{\"@id\":\"https:\\\/\\\/tradetravelchill.club\\\/#organization\"},\"potentialAction\":[{\"@type\":\"SearchAction\",\"target\":{\"@type\":\"EntryPoint\",\"urlTemplate\":\"https:\\\/\\\/tradetravelchill.club\\\/?s={search_term_string}\"},\"query-input\":{\"@type\":\"PropertyValueSpecification\",\"valueRequired\":true,\"valueName\":\"search_term_string\"}}],\"inLanguage\":\"es\"},{\"@type\":\"Organization\",\"@id\":\"https:\\\/\\\/tradetravelchill.club\\\/#organization\",\"name\":\"Trade Travel Chill\",\"url\":\"https:\\\/\\\/tradetravelchill.club\\\/\",\"logo\":{\"@type\":\"ImageObject\",\"inLanguage\":\"es\",\"@id\":\"https:\\\/\\\/tradetravelchill.club\\\/#\\\/schema\\\/logo\\\/image\\\/\",\"url\":\"https:\\\/\\\/tradetravelchill.club\\\/wp-content\\\/uploads\\\/2026\\\/03\\\/Trade-Travel-Chill.png\",\"contentUrl\":\"https:\\\/\\\/tradetravelchill.club\\\/wp-content\\\/uploads\\\/2026\\\/03\\\/Trade-Travel-Chill.png\",\"width\":1200,\"height\":630,\"caption\":\"Trade Travel Chill\"},\"image\":{\"@id\":\"https:\\\/\\\/tradetravelchill.club\\\/#\\\/schema\\\/logo\\\/image\\\/\"},\"sameAs\":[\"https:\\\/\\\/www.facebook.com\\\/annii.trader\",\"https:\\\/\\\/x.com\\\/tradetravelchil\",\"https:\\\/\\\/www.youtube.com\\\/c\\\/TradeTravelChill\",\"https:\\\/\\\/www.instagram.com\\\/tradetravelchill\\\/\"]}]}<\/script>\n<!-- \/ Yoast SEO plugin. -->","yoast_head_json":{"title":"Pol\u00edtica de privacidad - Trade Travel Chill","robots":{"index":"index","follow":"follow","max-snippet":"max-snippet:-1","max-image-preview":"max-image-preview:large","max-video-preview":"max-video-preview:-1"},"canonical":"https:\/\/tradetravelchill.club\/es\/politica-de-privacidad\/","og_locale":"es_ES","og_type":"article","og_title":"Pol\u00edtica de privacidad - Trade Travel Chill","og_description":"Tu privacidad es muy importante para nosotros. En Trade Travel Chill seguimos algunos principios fundamentales: No te pedimos informaci\u00f3n personal a menos que realmente la necesitemos. (No soportamos los servicios [&hellip;]","og_url":"https:\/\/tradetravelchill.club\/es\/politica-de-privacidad\/","og_site_name":"Trade Travel Chill","article_publisher":"https:\/\/www.facebook.com\/annii.trader","twitter_card":"summary_large_image","twitter_site":"@tradetravelchil","twitter_misc":{"Tiempo de lectura":"7 minutos"},"schema":{"@context":"https:\/\/schema.org","@graph":[{"@type":"WebPage","@id":"https:\/\/tradetravelchill.club\/es\/politica-de-privacidad\/","url":"https:\/\/tradetravelchill.club\/es\/politica-de-privacidad\/","name":"Pol\u00edtica de privacidad - Trade Travel Chill","isPartOf":{"@id":"https:\/\/tradetravelchill.club\/#website"},"datePublished":"2022-06-23T08:46:44+00:00","breadcrumb":{"@id":"https:\/\/tradetravelchill.club\/es\/politica-de-privacidad\/#breadcrumb"},"inLanguage":"es","potentialAction":[{"@type":"ReadAction","target":["https:\/\/tradetravelchill.club\/es\/politica-de-privacidad\/"]}]},{"@type":"BreadcrumbList","@id":"https:\/\/tradetravelchill.club\/es\/politica-de-privacidad\/#breadcrumb","itemListElement":[{"@type":"ListItem","position":1,"name":"Home","item":"https:\/\/tradetravelchill.club\/es\/"},{"@type":"ListItem","position":2,"name":"Pol\u00edtica de privacidad"}]},{"@type":"WebSite","@id":"https:\/\/tradetravelchill.club\/#website","url":"https:\/\/tradetravelchill.club\/","name":"Trade Travel Chill","description":"Trade Like Market Makers","publisher":{"@id":"https:\/\/tradetravelchill.club\/#organization"},"potentialAction":[{"@type":"SearchAction","target":{"@type":"EntryPoint","urlTemplate":"https:\/\/tradetravelchill.club\/?s={search_term_string}"},"query-input":{"@type":"PropertyValueSpecification","valueRequired":true,"valueName":"search_term_string"}}],"inLanguage":"es"},{"@type":"Organization","@id":"https:\/\/tradetravelchill.club\/#organization","name":"Trade Travel Chill","url":"https:\/\/tradetravelchill.club\/","logo":{"@type":"ImageObject","inLanguage":"es","@id":"https:\/\/tradetravelchill.club\/#\/schema\/logo\/image\/","url":"https:\/\/tradetravelchill.club\/wp-content\/uploads\/2026\/03\/Trade-Travel-Chill.png","contentUrl":"https:\/\/tradetravelchill.club\/wp-content\/uploads\/2026\/03\/Trade-Travel-Chill.png","width":1200,"height":630,"caption":"Trade Travel Chill"},"image":{"@id":"https:\/\/tradetravelchill.club\/#\/schema\/logo\/image\/"},"sameAs":["https:\/\/www.facebook.com\/annii.trader","https:\/\/x.com\/tradetravelchil","https:\/\/www.youtube.com\/c\/TradeTravelChill","https:\/\/www.instagram.com\/tradetravelchill\/"]}]}},"_links":{"self":[{"href":"https:\/\/tradetravelchill.club\/es\/wp-json\/wp\/v2\/pages\/16929","targetHints":{"allow":["GET"]}}],"collection":[{"href":"https:\/\/tradetravelchill.club\/es\/wp-json\/wp\/v2\/pages"}],"about":[{"href":"https:\/\/tradetravelchill.club\/es\/wp-json\/wp\/v2\/types\/page"}],"author":[{"embeddable":true,"href":"https:\/\/tradetravelchill.club\/es\/wp-json\/wp\/v2\/users\/1"}],"replies":[{"embeddable":true,"href":"https:\/\/tradetravelchill.club\/es\/wp-json\/wp\/v2\/comments?post=16929"}],"version-history":[{"count":0,"href":"https:\/\/tradetravelchill.club\/es\/wp-json\/wp\/v2\/pages\/16929\/revisions"}],"wp:attachment":[{"href":"https:\/\/tradetravelchill.club\/es\/wp-json\/wp\/v2\/media?parent=16929"}],"curies":[{"name":"wp","href":"https:\/\/api.w.org\/{rel}","templated":true}]}}