{"id":16933,"date":"2023-01-23T07:20:38","date_gmt":"2023-01-23T12:20:38","guid":{"rendered":"https:\/\/tradetravelchill.club\/clausula-de-exencion-de-derechos-de-autor\/"},"modified":"2023-01-23T07:20:38","modified_gmt":"2023-01-23T12:20:38","slug":"clausula-de-exencion-de-derechos-de-autor","status":"publish","type":"page","link":"https:\/\/tradetravelchill.club\/es\/clausula-de-exencion-de-derechos-de-autor\/","title":{"rendered":"Cl\u00e1usula de exenci\u00f3n de derechos de autor"},"content":{"rendered":"<p><strong>\u00daltima actualizaci\u00f3n<\/strong><strong> 19, 2024<\/strong><\/p>\n<h4><strong>AVISO LEGAL DEL SITIO WEB<\/strong><\/h4>\n<p>La informaci\u00f3n proporcionada por TTC Group LLC FZ en <a href=\"http:\/\/www.tradetravelchill.club\" target=\"_blank\" rel=\"noopener\">www.tradetravelchill.club<\/a> (el \u00abSitio\u00bb) s\u00f3lo tiene fines informativos generales. Toda la informaci\u00f3n contenida en el Sitio se proporciona de buena fe; sin embargo, no ofrecemos ninguna declaraci\u00f3n ni garant\u00eda de ning\u00fan tipo, expresa o impl\u00edcita, sobre la exactitud, adecuaci\u00f3n, validez, fiabilidad, disponibilidad o integridad de la informaci\u00f3n contenida en el Sitio. <\/p>\n<p><strong>BAJO NINGUNA CIRCUNSTANCIA SEREMOS RESPONSABLES ANTE TI<\/strong> por cualquier p\u00e9rdida o da\u00f1o de cualquier tipo que se produzca como resultado del uso del Sitio o de la confianza depositada en cualquier informaci\u00f3n proporcionada en el Sitio. El uso que hagas del Sitio y la confianza que deposites en la informaci\u00f3n contenida en el mismo es exclusivamente por tu cuenta y riesgo. <\/p>\n<p><strong>Derechos de autor y protecci\u00f3n de la propiedad intelectual<\/strong><\/p>\n<p>Todo el contenido proporcionado en nuestro sitio web, plataformas de medios sociales, servicios de pago y comunidad privada (denominados colectivamente \u00abContenido\u00bb) es propiedad intelectual de <strong>Trade Travel Chill<\/strong> y est\u00e1 protegido por la ley de propiedad intelectual. Esto incluye, pero no se limita a: <\/p>\n<ul>\n<li>Todo el material did\u00e1ctico del curso<\/li>\n<li>Estrategias y sistemas de negociaci\u00f3n<\/li>\n<li>Actualizaciones del mercado, por escrito o en directo<\/li>\n<li>Contenido localizado en foros privados o canales de Discord<\/li>\n<li>Cualquier otro material o recurso proporcionado por el equipo <strong>de Trade Travel Chill<\/strong> <\/li>\n<\/ul>\n<p>&nbsp;<\/p>\n<p>El uso de nuestro Contenido est\u00e1 destinado exclusivamente al uso personal y no comercial de los miembros de pago de <strong>Trade Travel<\/strong> Chill. <strong>Queda estrictamente prohibida la reproducci\u00f3n, distribuci\u00f3n, modificaci\u00f3n, creaci\u00f3n de obras derivadas o uso de nuestro Contenido para cualquier fin comercial sin el consentimiento expreso por escrito de Trade Travel Chill.<\/strong><\/p>\n<p><strong>Acciones prohibidas y consecuencias<\/strong><\/p>\n<p>Las acciones no autorizadas, entre las que se incluyen las siguientes, constituir\u00e1n un incumplimiento de estas condiciones y pueden dar lugar a la cancelaci\u00f3n inmediata de tu afiliaci\u00f3n y\/o a acciones legales:<\/p>\n<ul>\n<li>Compartir, copiar o distribuir Contenido fuera de la comunidad <strong>Trade Travel Chill<\/strong> <\/li>\n<li>Utilizar o reproducir nuestras estrategias o sistemas de negociaci\u00f3n con fines como el desarrollo de robots de negociaci\u00f3n, la creaci\u00f3n de materiales educativos o la promoci\u00f3n de servicios\/productos.<\/li>\n<li>Construir o promocionar un negocio, software o cualquier producto basado en nuestro Contenido o propiedad intelectual sin autorizaci\u00f3n expl\u00edcita<\/li>\n<li>Cualquier otra acci\u00f3n que infrinja nuestros derechos de propiedad intelectual o comprometa la exclusividad de nuestros servicios<\/li>\n<\/ul>\n<p>&nbsp;<\/p>\n<p>Al acceder a nuestro Sitio, redes sociales o comunidad privada, aceptas cumplir estas condiciones y respetar los derechos de propiedad intelectual de <strong>Trade Travel Chill<\/strong>.<\/p>\n<p>El incumplimiento de estas condiciones puede dar lugar a la cancelaci\u00f3n del acceso a nuestros servicios, a la expulsi\u00f3n de nuestra comunidad y a posibles acciones legales. Nos reservamos el derecho a emprender acciones legales por cualquier uso no autorizado o infracci\u00f3n. <\/p>\n<p>Si no est\u00e1s seguro de si un uso espec\u00edfico de nuestro Contenido est\u00e1 permitido, ponte en contacto con nosotros para que te lo aclaremos en <a href=\"mailto:support@tradetravelchill.club\" target=\"_blank\" rel=\"noopener\">support@tradetravelchill.club<\/a>.<\/p>\n<h4><strong>DESCARGO DE RESPONSABILIDAD PROFESIONAL<\/strong><\/h4>\n<p>El Sitio no puede contener ni contiene asesoramiento financiero. La informaci\u00f3n financiera se proporciona \u00fanicamente con fines informativos y educativos generales y no sustituye al asesoramiento profesional. En consecuencia, antes de emprender cualquier acci\u00f3n basada en dicha informaci\u00f3n, te animamos a que consultes con los profesionales adecuados. No proporcionamos ning\u00fan tipo de asesoramiento financiero. EL USO O LA CONFIANZA DEPOSITADA EN CUALQUIER INFORMACI\u00d3N CONTENIDA EN EL SITIO CORRE EXCLUSIVAMENTE POR TU CUENTA Y RIESGO.    <\/p>\n<h4><strong style=\"text-align: justify;\">DESCARGO DE RESPONSABILIDAD DE LOS TESTIMONIOS<\/strong><\/h4>\n<p>El Sitio puede contener testimonios de usuarios de nuestros productos y\/o servicios. Estos testimonios reflejan las experiencias y opiniones reales de dichos usuarios. Sin embargo, las experiencias son personales de esos usuarios en particular, y pueden no ser necesariamente representativas de todos los usuarios de nuestros productos y\/o servicios. No afirmamos, y no debes asumir, que todos los usuarios tendr\u00e1n las mismas experiencias. TUS RESULTADOS INDIVIDUALES PUEDEN VARIAR.    <\/p>\n<p>Los testimonios del Sitio se presentan en diversas formas, como texto, audio y\/o v\u00eddeo, y son revisados por nosotros antes de ser publicados. Aparecen en el Sitio textualmente, tal y como los dieron los usuarios, salvo la correcci\u00f3n de errores gramaticales o tipogr\u00e1ficos. Algunos testimonios pueden haber sido acortados en aras de la brevedad cuando el testimonio completo conten\u00eda informaci\u00f3n superflua no relevante para el p\u00fablico en general. Los puntos de vista y opiniones contenidos en los testimonios pertenecen exclusivamente al usuario individual y no reflejan nuestros puntos de vista y opiniones. No estamos afiliados a los usuarios que proporcionan testimonios, y los usuarios no reciben ninguna remuneraci\u00f3n ni compensaci\u00f3n por sus testimonios.    <\/p>\n","protected":false},"excerpt":{"rendered":"<p>\u00daltima actualizaci\u00f3n 19, 2024 AVISO LEGAL DEL SITIO WEB La informaci\u00f3n proporcionada por TTC Group LLC FZ en www.tradetravelchill.club (el \u00abSitio\u00bb) s\u00f3lo tiene fines informativos generales. Toda la informaci\u00f3n contenida [&hellip;]<\/p>\n","protected":false},"author":1,"featured_media":0,"parent":0,"menu_order":0,"comment_status":"closed","ping_status":"closed","template":"","meta":{"pmpro_default_level":"","footnotes":""},"class_list":["post-16933","page","type-page","status-publish","hentry","pmpro-has-access"],"yoast_head":"<!-- This site is optimized with the Yoast SEO plugin v27.3 - https:\/\/yoast.com\/product\/yoast-seo-wordpress\/ -->\n<title>Cl\u00e1usula de exenci\u00f3n de derechos de autor - Trade Travel Chill<\/title>\n<meta name=\"robots\" content=\"index, follow, max-snippet:-1, max-image-preview:large, max-video-preview:-1\" \/>\n<link rel=\"canonical\" href=\"https:\/\/tradetravelchill.club\/copyright-disclaimer\/\" \/>\n<meta property=\"og:locale\" content=\"es_ES\" \/>\n<meta property=\"og:type\" content=\"article\" \/>\n<meta property=\"og:title\" content=\"Cl\u00e1usula de exenci\u00f3n de derechos de autor - Trade Travel Chill\" \/>\n<meta property=\"og:description\" content=\"\u00daltima actualizaci\u00f3n 19, 2024 AVISO LEGAL DEL SITIO WEB La informaci\u00f3n proporcionada por TTC Group LLC FZ en www.tradetravelchill.club (el \u00abSitio\u00bb) s\u00f3lo tiene fines informativos generales. Toda la informaci\u00f3n contenida [&hellip;]\" \/>\n<meta property=\"og:url\" content=\"https:\/\/tradetravelchill.club\/copyright-disclaimer\/\" \/>\n<meta property=\"og:site_name\" content=\"Trade Travel Chill\" \/>\n<meta property=\"article:publisher\" content=\"https:\/\/www.facebook.com\/annii.trader\" \/>\n<meta name=\"twitter:card\" content=\"summary_large_image\" \/>\n<meta name=\"twitter:site\" content=\"@tradetravelchil\" \/>\n<meta name=\"twitter:label1\" content=\"Tiempo de lectura\" \/>\n\t<meta name=\"twitter:data1\" content=\"4 minutos\" \/>\n<script type=\"application\/ld+json\" class=\"yoast-schema-graph\">{\"@context\":\"https:\\\/\\\/schema.org\",\"@graph\":[{\"@type\":\"WebPage\",\"@id\":\"https:\\\/\\\/tradetravelchill.club\\\/copyright-disclaimer\\\/\",\"url\":\"https:\\\/\\\/tradetravelchill.club\\\/copyright-disclaimer\\\/\",\"name\":\"Cl\u00e1usula de exenci\u00f3n de derechos de autor - Trade Travel Chill\",\"isPartOf\":{\"@id\":\"https:\\\/\\\/tradetravelchill.club\\\/#website\"},\"datePublished\":\"2023-01-23T12:20:38+00:00\",\"breadcrumb\":{\"@id\":\"https:\\\/\\\/tradetravelchill.club\\\/copyright-disclaimer\\\/#breadcrumb\"},\"inLanguage\":\"es\",\"potentialAction\":[{\"@type\":\"ReadAction\",\"target\":[\"https:\\\/\\\/tradetravelchill.club\\\/copyright-disclaimer\\\/\"]}]},{\"@type\":\"BreadcrumbList\",\"@id\":\"https:\\\/\\\/tradetravelchill.club\\\/copyright-disclaimer\\\/#breadcrumb\",\"itemListElement\":[{\"@type\":\"ListItem\",\"position\":1,\"name\":\"Home\",\"item\":\"https:\\\/\\\/tradetravelchill.club\\\/es\\\/\"},{\"@type\":\"ListItem\",\"position\":2,\"name\":\"Cl\u00e1usula de exenci\u00f3n de derechos de autor\"}]},{\"@type\":\"WebSite\",\"@id\":\"https:\\\/\\\/tradetravelchill.club\\\/#website\",\"url\":\"https:\\\/\\\/tradetravelchill.club\\\/\",\"name\":\"Trade Travel Chill\",\"description\":\"Trade Like Market Makers\",\"publisher\":{\"@id\":\"https:\\\/\\\/tradetravelchill.club\\\/#organization\"},\"potentialAction\":[{\"@type\":\"SearchAction\",\"target\":{\"@type\":\"EntryPoint\",\"urlTemplate\":\"https:\\\/\\\/tradetravelchill.club\\\/?s={search_term_string}\"},\"query-input\":{\"@type\":\"PropertyValueSpecification\",\"valueRequired\":true,\"valueName\":\"search_term_string\"}}],\"inLanguage\":\"es\"},{\"@type\":\"Organization\",\"@id\":\"https:\\\/\\\/tradetravelchill.club\\\/#organization\",\"name\":\"Trade Travel Chill\",\"url\":\"https:\\\/\\\/tradetravelchill.club\\\/\",\"logo\":{\"@type\":\"ImageObject\",\"inLanguage\":\"es\",\"@id\":\"https:\\\/\\\/tradetravelchill.club\\\/#\\\/schema\\\/logo\\\/image\\\/\",\"url\":\"https:\\\/\\\/tradetravelchill.club\\\/wp-content\\\/uploads\\\/2026\\\/03\\\/Trade-Travel-Chill.png\",\"contentUrl\":\"https:\\\/\\\/tradetravelchill.club\\\/wp-content\\\/uploads\\\/2026\\\/03\\\/Trade-Travel-Chill.png\",\"width\":1200,\"height\":630,\"caption\":\"Trade Travel Chill\"},\"image\":{\"@id\":\"https:\\\/\\\/tradetravelchill.club\\\/#\\\/schema\\\/logo\\\/image\\\/\"},\"sameAs\":[\"https:\\\/\\\/www.facebook.com\\\/annii.trader\",\"https:\\\/\\\/x.com\\\/tradetravelchil\",\"https:\\\/\\\/www.youtube.com\\\/c\\\/TradeTravelChill\",\"https:\\\/\\\/www.instagram.com\\\/tradetravelchill\\\/\"]}]}<\/script>\n<!-- \/ Yoast SEO plugin. -->","yoast_head_json":{"title":"Cl\u00e1usula de exenci\u00f3n de derechos de autor - Trade Travel Chill","robots":{"index":"index","follow":"follow","max-snippet":"max-snippet:-1","max-image-preview":"max-image-preview:large","max-video-preview":"max-video-preview:-1"},"canonical":"https:\/\/tradetravelchill.club\/copyright-disclaimer\/","og_locale":"es_ES","og_type":"article","og_title":"Cl\u00e1usula de exenci\u00f3n de derechos de autor - Trade Travel Chill","og_description":"\u00daltima actualizaci\u00f3n 19, 2024 AVISO LEGAL DEL SITIO WEB La informaci\u00f3n proporcionada por TTC Group LLC FZ en www.tradetravelchill.club (el \u00abSitio\u00bb) s\u00f3lo tiene fines informativos generales. Toda la informaci\u00f3n contenida [&hellip;]","og_url":"https:\/\/tradetravelchill.club\/copyright-disclaimer\/","og_site_name":"Trade Travel Chill","article_publisher":"https:\/\/www.facebook.com\/annii.trader","twitter_card":"summary_large_image","twitter_site":"@tradetravelchil","twitter_misc":{"Tiempo de lectura":"4 minutos"},"schema":{"@context":"https:\/\/schema.org","@graph":[{"@type":"WebPage","@id":"https:\/\/tradetravelchill.club\/copyright-disclaimer\/","url":"https:\/\/tradetravelchill.club\/copyright-disclaimer\/","name":"Cl\u00e1usula de exenci\u00f3n de derechos de autor - Trade Travel Chill","isPartOf":{"@id":"https:\/\/tradetravelchill.club\/#website"},"datePublished":"2023-01-23T12:20:38+00:00","breadcrumb":{"@id":"https:\/\/tradetravelchill.club\/copyright-disclaimer\/#breadcrumb"},"inLanguage":"es","potentialAction":[{"@type":"ReadAction","target":["https:\/\/tradetravelchill.club\/copyright-disclaimer\/"]}]},{"@type":"BreadcrumbList","@id":"https:\/\/tradetravelchill.club\/copyright-disclaimer\/#breadcrumb","itemListElement":[{"@type":"ListItem","position":1,"name":"Home","item":"https:\/\/tradetravelchill.club\/es\/"},{"@type":"ListItem","position":2,"name":"Cl\u00e1usula de exenci\u00f3n de derechos de autor"}]},{"@type":"WebSite","@id":"https:\/\/tradetravelchill.club\/#website","url":"https:\/\/tradetravelchill.club\/","name":"Trade Travel Chill","description":"Trade Like Market Makers","publisher":{"@id":"https:\/\/tradetravelchill.club\/#organization"},"potentialAction":[{"@type":"SearchAction","target":{"@type":"EntryPoint","urlTemplate":"https:\/\/tradetravelchill.club\/?s={search_term_string}"},"query-input":{"@type":"PropertyValueSpecification","valueRequired":true,"valueName":"search_term_string"}}],"inLanguage":"es"},{"@type":"Organization","@id":"https:\/\/tradetravelchill.club\/#organization","name":"Trade Travel Chill","url":"https:\/\/tradetravelchill.club\/","logo":{"@type":"ImageObject","inLanguage":"es","@id":"https:\/\/tradetravelchill.club\/#\/schema\/logo\/image\/","url":"https:\/\/tradetravelchill.club\/wp-content\/uploads\/2026\/03\/Trade-Travel-Chill.png","contentUrl":"https:\/\/tradetravelchill.club\/wp-content\/uploads\/2026\/03\/Trade-Travel-Chill.png","width":1200,"height":630,"caption":"Trade Travel Chill"},"image":{"@id":"https:\/\/tradetravelchill.club\/#\/schema\/logo\/image\/"},"sameAs":["https:\/\/www.facebook.com\/annii.trader","https:\/\/x.com\/tradetravelchil","https:\/\/www.youtube.com\/c\/TradeTravelChill","https:\/\/www.instagram.com\/tradetravelchill\/"]}]}},"_links":{"self":[{"href":"https:\/\/tradetravelchill.club\/es\/wp-json\/wp\/v2\/pages\/16933","targetHints":{"allow":["GET"]}}],"collection":[{"href":"https:\/\/tradetravelchill.club\/es\/wp-json\/wp\/v2\/pages"}],"about":[{"href":"https:\/\/tradetravelchill.club\/es\/wp-json\/wp\/v2\/types\/page"}],"author":[{"embeddable":true,"href":"https:\/\/tradetravelchill.club\/es\/wp-json\/wp\/v2\/users\/1"}],"replies":[{"embeddable":true,"href":"https:\/\/tradetravelchill.club\/es\/wp-json\/wp\/v2\/comments?post=16933"}],"version-history":[{"count":0,"href":"https:\/\/tradetravelchill.club\/es\/wp-json\/wp\/v2\/pages\/16933\/revisions"}],"wp:attachment":[{"href":"https:\/\/tradetravelchill.club\/es\/wp-json\/wp\/v2\/media?parent=16933"}],"curies":[{"name":"wp","href":"https:\/\/api.w.org\/{rel}","templated":true}]}}