{"id":16989,"date":"2022-07-02T11:07:56","date_gmt":"2022-07-02T15:07:56","guid":{"rendered":"https:\/\/tradetravelchill.club\/inicio\/"},"modified":"2025-04-27T09:22:43","modified_gmt":"2025-04-27T13:22:43","slug":"inicio","status":"publish","type":"page","link":"https:\/\/tradetravelchill.club\/es\/inicio\/","title":{"rendered":"Nuestros cursos"},"content":{"rendered":"\t\t<div data-elementor-type=\"wp-post\" data-elementor-id=\"16989\" class=\"elementor elementor-16989 elementor-109\" data-elementor-post-type=\"page\">\n\t\t\t\t\t\t<section class=\"elementor-section elementor-top-section elementor-element elementor-element-992b4fb elementor-section-boxed elementor-section-height-default elementor-section-height-default\" data-id=\"992b4fb\" data-element_type=\"section\" data-e-type=\"section\" data-settings=\"{&quot;background_background&quot;:&quot;classic&quot;}\">\n\t\t\t\t\t\t<div class=\"elementor-container elementor-column-gap-default\">\n\t\t\t\t\t<div class=\"elementor-column elementor-col-100 elementor-top-column elementor-element elementor-element-4dd9c43\" data-id=\"4dd9c43\" data-element_type=\"column\" data-e-type=\"column\">\n\t\t\t<div class=\"elementor-widget-wrap elementor-element-populated\">\n\t\t\t\t\t\t<div class=\"elementor-element elementor-element-01d50b4 elementor-widget elementor-widget-heading\" data-id=\"01d50b4\" data-element_type=\"widget\" data-e-type=\"widget\" data-widget_type=\"heading.default\">\n\t\t\t\t<div class=\"elementor-widget-container\">\n\t\t\t\t\t<h2 class=\"elementor-heading-title elementor-size-default\">Cursos en l\u00ednea<\/h2>\t\t\t\t<\/div>\n\t\t\t\t<\/div>\n\t\t\t\t<div class=\"elementor-element elementor-element-09bb3c4 elementor-widget elementor-widget-heading\" data-id=\"09bb3c4\" data-element_type=\"widget\" data-e-type=\"widget\" data-widget_type=\"heading.default\">\n\t\t\t\t<div class=\"elementor-widget-container\">\n\t\t\t\t\t<h2 class=\"elementor-heading-title elementor-size-default\">Comercio por dise\u00f1o<\/h2>\t\t\t\t<\/div>\n\t\t\t\t<\/div>\n\t\t\t\t<div class=\"elementor-element elementor-element-d31007a stax-condition-yes stax-user_role_enabled-yes elementor-widget elementor-widget-shortcode\" data-id=\"d31007a\" data-element_type=\"widget\" data-e-type=\"widget\" data-widget_type=\"shortcode.default\">\n\t\t\t\t<div class=\"elementor-widget-container\">\n\t\t\t\t\t\t\t<div class=\"elementor-shortcode\"><!-- Gridbuilder \u1d42\u1d3e Plugin (https:\/\/wpgridbuilder.com) -->\n<div class=\"wp-grid-builder wpgb-grid-3 learndash_grid_main_non_logged_in\" data-options=\"{&quot;id&quot;:3,&quot;type&quot;:&quot;masonry&quot;,&quot;source&quot;:&quot;post_type&quot;,&quot;loader&quot;:1,&quot;layout&quot;:&quot;vertical&quot;,&quot;reveal&quot;:1,&quot;isMainQuery&quot;:0,&quot;lazyLoad&quot;:1,&quot;cardSizes&quot;:{&quot;9999&quot;:{&quot;columns&quot;:3,&quot;height&quot;:240,&quot;gutter&quot;:35,&quot;ratio&quot;:&quot;1.33333&quot;},&quot;1340&quot;:{&quot;columns&quot;:3,&quot;height&quot;:240,&quot;gutter&quot;:30,&quot;ratio&quot;:&quot;1.33333&quot;},&quot;1140&quot;:{&quot;columns&quot;:3,&quot;height&quot;:220,&quot;gutter&quot;:30,&quot;ratio&quot;:&quot;1.33333&quot;},&quot;768&quot;:{&quot;columns&quot;:2,&quot;height&quot;:220,&quot;gutter&quot;:30,&quot;ratio&quot;:&quot;1.33333&quot;},&quot;576&quot;:{&quot;columns&quot;:1,&quot;height&quot;:200,&quot;gutter&quot;:30,&quot;ratio&quot;:&quot;1.33333&quot;},&quot;1&quot;:{&quot;columns&quot;:1,&quot;height&quot;:200,&quot;gutter&quot;:30,&quot;ratio&quot;:&quot;1.33333&quot;}},&quot;fitRows&quot;:1,&quot;equalRows&quot;:0,&quot;equalColumns&quot;:1,&quot;fillLastRow&quot;:0,&quot;centerLastRow&quot;:0,&quot;horizontalOrder&quot;:1,&quot;fullWidth&quot;:0,&quot;transitionDelay&quot;:60,&quot;gallerySlideshow&quot;:0,&quot;rowsNumber&quot;:1,&quot;slideAlign&quot;:&quot;left&quot;,&quot;groupCells&quot;:1,&quot;draggable&quot;:1,&quot;initialIndex&quot;:0,&quot;contain&quot;:0,&quot;freeScroll&quot;:0,&quot;freeFriction&quot;:&quot;0.075&quot;,&quot;friction&quot;:&quot;0.285&quot;,&quot;attraction&quot;:&quot;0.025&quot;,&quot;autoPlay&quot;:0,&quot;pageDotAriaLabel&quot;:&quot;Page dot %d&quot;,&quot;isPreview&quot;:false,&quot;isGutenberg&quot;:false,&quot;rightToLeft&quot;:false}\"><div class=\"wpgb-wrapper\">\n\t<div class=\"wpgb-main\">\n\t<div class=\"wpgb-layout\">\n\t<div class=\"wpgb-viewport\">\n\t\t<div class=\"wpgb-masonry\">\n\t\t\t<div class=\"wpgb-card wpgb-no-result\" data-col=\"12\" data-row=\"1\">\n\t<div class=\"wpgb-card-wrapper\">\n\t\tSorry, no products found.\t<\/div>\n<\/div>\n\t\t<\/div>\n\t<\/div>\n\t<div class=\"wpgb-area wpgb-area-left\">\n\t<button type=\"button\" class=\"wpgb-prev-button\" aria-label=\"Previous slide\" hidden>\n\t<svg><use xlink:href=\"https:\/\/tradetravelchill.club\/wp-content\/plugins\/wp-grid-builder\/public\/svg\/arrows\/arrow-left.svg#wpgb-icon\"\/><\/svg><\/button>\n<\/div>\n<div class=\"wpgb-area wpgb-area-right\">\n\t<button type=\"button\" class=\"wpgb-next-button\" aria-label=\"Next slide\" hidden>\n\t<svg><use xlink:href=\"https:\/\/tradetravelchill.club\/wp-content\/plugins\/wp-grid-builder\/public\/svg\/arrows\/arrow-right.svg#wpgb-icon\"\/><\/svg><\/button>\n<\/div>\n<div class=\"wpgb-loader\">\n\t<div class=\"wpgb-loader-12\">\n\t\t<div><\/div><div><\/div><div><\/div><div><\/div><div><\/div><div><\/div><div><\/div><div><\/div>\t<\/div>\n<\/div>\n<\/div>\n\t<\/div>\n\t\t<\/div>\n<\/div>\n<\/div>\n\t\t\t\t\t\t<\/div>\n\t\t\t\t<\/div>\n\t\t\t\t<div class=\"elementor-element elementor-element-b013825 stax-condition-yes stax-user_role_enabled-yes elementor-hidden-desktop elementor-hidden-tablet elementor-hidden-mobile elementor-widget elementor-widget-heading\" data-id=\"b013825\" data-element_type=\"widget\" data-e-type=\"widget\" data-widget_type=\"heading.default\">\n\t\t\t\t<div class=\"elementor-widget-container\">\n\t\t\t\t\t<h2 class=\"elementor-heading-title elementor-size-default\">Invertir por dise\u00f1o<\/h2>\t\t\t\t<\/div>\n\t\t\t\t<\/div>\n\t\t\t\t<div class=\"elementor-element elementor-element-30071fe stax-condition-yes stax-user_role_enabled-yes elementor-hidden-desktop elementor-hidden-tablet elementor-hidden-mobile elementor-widget elementor-widget-shortcode\" data-id=\"30071fe\" data-element_type=\"widget\" data-e-type=\"widget\" data-widget_type=\"shortcode.default\">\n\t\t\t\t<div class=\"elementor-widget-container\">\n\t\t\t\t\t\t\t<div class=\"elementor-shortcode\"><!-- Gridbuilder \u1d42\u1d3e Plugin (https:\/\/wpgridbuilder.com) -->\n<div class=\"wp-grid-builder wpgb-grid-6 learndash_grid_main_non_logged_in\" data-options=\"{&quot;id&quot;:6,&quot;type&quot;:&quot;masonry&quot;,&quot;source&quot;:&quot;post_type&quot;,&quot;loader&quot;:1,&quot;layout&quot;:&quot;vertical&quot;,&quot;reveal&quot;:1,&quot;isMainQuery&quot;:0,&quot;lazyLoad&quot;:1,&quot;cardSizes&quot;:{&quot;9999&quot;:{&quot;columns&quot;:3,&quot;height&quot;:240,&quot;gutter&quot;:35,&quot;ratio&quot;:&quot;1.33333&quot;},&quot;1340&quot;:{&quot;columns&quot;:3,&quot;height&quot;:240,&quot;gutter&quot;:30,&quot;ratio&quot;:&quot;1.33333&quot;},&quot;1140&quot;:{&quot;columns&quot;:3,&quot;height&quot;:220,&quot;gutter&quot;:30,&quot;ratio&quot;:&quot;1.33333&quot;},&quot;768&quot;:{&quot;columns&quot;:2,&quot;height&quot;:220,&quot;gutter&quot;:30,&quot;ratio&quot;:&quot;1.33333&quot;},&quot;576&quot;:{&quot;columns&quot;:1,&quot;height&quot;:200,&quot;gutter&quot;:30,&quot;ratio&quot;:&quot;1.33333&quot;},&quot;1&quot;:{&quot;columns&quot;:1,&quot;height&quot;:200,&quot;gutter&quot;:30,&quot;ratio&quot;:&quot;1.33333&quot;}},&quot;fitRows&quot;:1,&quot;equalRows&quot;:0,&quot;equalColumns&quot;:1,&quot;fillLastRow&quot;:0,&quot;centerLastRow&quot;:0,&quot;horizontalOrder&quot;:1,&quot;fullWidth&quot;:0,&quot;transitionDelay&quot;:60,&quot;gallerySlideshow&quot;:0,&quot;rowsNumber&quot;:1,&quot;slideAlign&quot;:&quot;left&quot;,&quot;groupCells&quot;:1,&quot;draggable&quot;:1,&quot;initialIndex&quot;:0,&quot;contain&quot;:0,&quot;freeScroll&quot;:0,&quot;freeFriction&quot;:&quot;0.075&quot;,&quot;friction&quot;:&quot;0.285&quot;,&quot;attraction&quot;:&quot;0.025&quot;,&quot;autoPlay&quot;:0,&quot;pageDotAriaLabel&quot;:&quot;Page dot %d&quot;,&quot;isPreview&quot;:false,&quot;isGutenberg&quot;:false,&quot;rightToLeft&quot;:false}\"><div class=\"wpgb-wrapper\">\n\t<div class=\"wpgb-main\">\n\t<div class=\"wpgb-layout\">\n\t<div class=\"wpgb-viewport\">\n\t\t<div class=\"wpgb-masonry\">\n\t\t\t<div class=\"wpgb-card wpgb-no-result\" data-col=\"12\" data-row=\"1\">\n\t<div class=\"wpgb-card-wrapper\">\n\t\tSorry, no products found.\t<\/div>\n<\/div>\n\t\t<\/div>\n\t<\/div>\n\t<div class=\"wpgb-area wpgb-area-left\">\n\t<button type=\"button\" class=\"wpgb-prev-button\" aria-label=\"Previous slide\" hidden>\n\t<svg><use xlink:href=\"https:\/\/tradetravelchill.club\/wp-content\/plugins\/wp-grid-builder\/public\/svg\/arrows\/arrow-left.svg#wpgb-icon\"\/><\/svg><\/button>\n<\/div>\n<div class=\"wpgb-area wpgb-area-right\">\n\t<button type=\"button\" class=\"wpgb-next-button\" aria-label=\"Next slide\" hidden>\n\t<svg><use xlink:href=\"https:\/\/tradetravelchill.club\/wp-content\/plugins\/wp-grid-builder\/public\/svg\/arrows\/arrow-right.svg#wpgb-icon\"\/><\/svg><\/button>\n<\/div>\n<div class=\"wpgb-loader\">\n\t<div class=\"wpgb-loader-12\">\n\t\t<div><\/div><div><\/div><div><\/div><div><\/div><div><\/div><div><\/div><div><\/div><div><\/div>\t<\/div>\n<\/div>\n<\/div>\n\t<\/div>\n\t\t<\/div>\n<\/div>\n<\/div>\n\t\t\t\t\t\t<\/div>\n\t\t\t\t<\/div>\n\t\t\t\t\t<\/div>\n\t\t<\/div>\n\t\t\t\t\t<\/div>\n\t\t<\/section>\n\t\t\t\t<\/div>\n\t\t","protected":false},"excerpt":{"rendered":"<p>Cursos en l\u00ednea Comercio por dise\u00f1o Invertir por dise\u00f1o<\/p>\n","protected":false},"author":4,"featured_media":12910,"parent":0,"menu_order":26,"comment_status":"closed","ping_status":"closed","template":"elementor_header_footer","meta":{"pmpro_default_level":"","footnotes":""},"class_list":["post-16989","page","type-page","status-publish","has-post-thumbnail","hentry","pmpro-has-access"],"yoast_head":"<!-- This site is optimized with the Yoast SEO plugin v27.3 - https:\/\/yoast.com\/product\/yoast-seo-wordpress\/ -->\n<title>Nuestros cursos - Trade Travel Chill<\/title>\n<meta name=\"robots\" content=\"index, follow, max-snippet:-1, max-image-preview:large, max-video-preview:-1\" \/>\n<link rel=\"canonical\" href=\"https:\/\/tradetravelchill.club\/our-courses\/\" \/>\n<meta property=\"og:locale\" content=\"es_ES\" \/>\n<meta property=\"og:type\" content=\"article\" \/>\n<meta property=\"og:title\" content=\"Nuestros cursos - Trade Travel Chill\" \/>\n<meta property=\"og:description\" content=\"Cursos en l\u00ednea Comercio por dise\u00f1o Invertir por dise\u00f1o\" \/>\n<meta property=\"og:url\" content=\"https:\/\/tradetravelchill.club\/our-courses\/\" \/>\n<meta property=\"og:site_name\" content=\"Trade Travel Chill\" \/>\n<meta property=\"article:publisher\" content=\"https:\/\/www.facebook.com\/annii.trader\" \/>\n<meta property=\"article:modified_time\" content=\"2025-04-27T13:22:43+00:00\" \/>\n<meta property=\"og:image\" content=\"https:\/\/tradetravelchill.club\/wp-content\/uploads\/2022\/07\/TTC-Facebook-Cover-1-1024x538.jpg\" \/>\n<meta name=\"twitter:card\" content=\"summary_large_image\" \/>\n<meta name=\"twitter:image\" content=\"https:\/\/tradetravelchill.club\/wp-content\/uploads\/2022\/07\/TTC-Facebook-Cover-1-1024x538.jpg\" \/>\n<meta name=\"twitter:site\" content=\"@tradetravelchil\" \/>\n<meta name=\"twitter:label1\" content=\"Tiempo de lectura\" \/>\n\t<meta name=\"twitter:data1\" content=\"1 minuto\" \/>\n<script type=\"application\/ld+json\" class=\"yoast-schema-graph\">{\"@context\":\"https:\\\/\\\/schema.org\",\"@graph\":[{\"@type\":\"WebPage\",\"@id\":\"https:\\\/\\\/tradetravelchill.club\\\/our-courses\\\/\",\"url\":\"https:\\\/\\\/tradetravelchill.club\\\/our-courses\\\/\",\"name\":\"Nuestros cursos - Trade Travel Chill\",\"isPartOf\":{\"@id\":\"https:\\\/\\\/tradetravelchill.club\\\/#website\"},\"primaryImageOfPage\":{\"@id\":\"https:\\\/\\\/tradetravelchill.club\\\/our-courses\\\/#primaryimage\"},\"image\":{\"@id\":\"https:\\\/\\\/tradetravelchill.club\\\/our-courses\\\/#primaryimage\"},\"thumbnailUrl\":\"https:\\\/\\\/tradetravelchill.club\\\/wp-content\\\/uploads\\\/2022\\\/07\\\/TTC-Facebook-Cover-1.png\",\"datePublished\":\"2022-07-02T15:07:56+00:00\",\"dateModified\":\"2025-04-27T13:22:43+00:00\",\"breadcrumb\":{\"@id\":\"https:\\\/\\\/tradetravelchill.club\\\/our-courses\\\/#breadcrumb\"},\"inLanguage\":\"es\",\"potentialAction\":[{\"@type\":\"ReadAction\",\"target\":[\"https:\\\/\\\/tradetravelchill.club\\\/our-courses\\\/\"]}]},{\"@type\":\"ImageObject\",\"inLanguage\":\"es\",\"@id\":\"https:\\\/\\\/tradetravelchill.club\\\/our-courses\\\/#primaryimage\",\"url\":\"https:\\\/\\\/tradetravelchill.club\\\/wp-content\\\/uploads\\\/2022\\\/07\\\/TTC-Facebook-Cover-1.png\",\"contentUrl\":\"https:\\\/\\\/tradetravelchill.club\\\/wp-content\\\/uploads\\\/2022\\\/07\\\/TTC-Facebook-Cover-1.png\",\"width\":1640,\"height\":924},{\"@type\":\"BreadcrumbList\",\"@id\":\"https:\\\/\\\/tradetravelchill.club\\\/our-courses\\\/#breadcrumb\",\"itemListElement\":[{\"@type\":\"ListItem\",\"position\":1,\"name\":\"Home\",\"item\":\"https:\\\/\\\/tradetravelchill.club\\\/es\\\/\"},{\"@type\":\"ListItem\",\"position\":2,\"name\":\"Nuestros cursos\"}]},{\"@type\":\"WebSite\",\"@id\":\"https:\\\/\\\/tradetravelchill.club\\\/#website\",\"url\":\"https:\\\/\\\/tradetravelchill.club\\\/\",\"name\":\"Trade Travel Chill\",\"description\":\"Trade Like Market Makers\",\"publisher\":{\"@id\":\"https:\\\/\\\/tradetravelchill.club\\\/#organization\"},\"potentialAction\":[{\"@type\":\"SearchAction\",\"target\":{\"@type\":\"EntryPoint\",\"urlTemplate\":\"https:\\\/\\\/tradetravelchill.club\\\/?s={search_term_string}\"},\"query-input\":{\"@type\":\"PropertyValueSpecification\",\"valueRequired\":true,\"valueName\":\"search_term_string\"}}],\"inLanguage\":\"es\"},{\"@type\":\"Organization\",\"@id\":\"https:\\\/\\\/tradetravelchill.club\\\/#organization\",\"name\":\"Trade Travel Chill\",\"url\":\"https:\\\/\\\/tradetravelchill.club\\\/\",\"logo\":{\"@type\":\"ImageObject\",\"inLanguage\":\"es\",\"@id\":\"https:\\\/\\\/tradetravelchill.club\\\/#\\\/schema\\\/logo\\\/image\\\/\",\"url\":\"https:\\\/\\\/tradetravelchill.club\\\/wp-content\\\/uploads\\\/2026\\\/03\\\/Trade-Travel-Chill.png\",\"contentUrl\":\"https:\\\/\\\/tradetravelchill.club\\\/wp-content\\\/uploads\\\/2026\\\/03\\\/Trade-Travel-Chill.png\",\"width\":1200,\"height\":630,\"caption\":\"Trade Travel Chill\"},\"image\":{\"@id\":\"https:\\\/\\\/tradetravelchill.club\\\/#\\\/schema\\\/logo\\\/image\\\/\"},\"sameAs\":[\"https:\\\/\\\/www.facebook.com\\\/annii.trader\",\"https:\\\/\\\/x.com\\\/tradetravelchil\",\"https:\\\/\\\/www.youtube.com\\\/c\\\/TradeTravelChill\",\"https:\\\/\\\/www.instagram.com\\\/tradetravelchill\\\/\"]}]}<\/script>\n<!-- \/ Yoast SEO plugin. -->","yoast_head_json":{"title":"Nuestros cursos - Trade Travel Chill","robots":{"index":"index","follow":"follow","max-snippet":"max-snippet:-1","max-image-preview":"max-image-preview:large","max-video-preview":"max-video-preview:-1"},"canonical":"https:\/\/tradetravelchill.club\/our-courses\/","og_locale":"es_ES","og_type":"article","og_title":"Nuestros cursos - Trade Travel Chill","og_description":"Cursos en l\u00ednea Comercio por dise\u00f1o Invertir por dise\u00f1o","og_url":"https:\/\/tradetravelchill.club\/our-courses\/","og_site_name":"Trade Travel Chill","article_publisher":"https:\/\/www.facebook.com\/annii.trader","article_modified_time":"2025-04-27T13:22:43+00:00","og_image":[{"url":"https:\/\/tradetravelchill.club\/wp-content\/uploads\/2022\/07\/TTC-Facebook-Cover-1-1024x538.jpg","type":"","width":"","height":""}],"twitter_card":"summary_large_image","twitter_image":"https:\/\/tradetravelchill.club\/wp-content\/uploads\/2022\/07\/TTC-Facebook-Cover-1-1024x538.jpg","twitter_site":"@tradetravelchil","twitter_misc":{"Tiempo de lectura":"1 minuto"},"schema":{"@context":"https:\/\/schema.org","@graph":[{"@type":"WebPage","@id":"https:\/\/tradetravelchill.club\/our-courses\/","url":"https:\/\/tradetravelchill.club\/our-courses\/","name":"Nuestros cursos - Trade Travel Chill","isPartOf":{"@id":"https:\/\/tradetravelchill.club\/#website"},"primaryImageOfPage":{"@id":"https:\/\/tradetravelchill.club\/our-courses\/#primaryimage"},"image":{"@id":"https:\/\/tradetravelchill.club\/our-courses\/#primaryimage"},"thumbnailUrl":"https:\/\/tradetravelchill.club\/wp-content\/uploads\/2022\/07\/TTC-Facebook-Cover-1.png","datePublished":"2022-07-02T15:07:56+00:00","dateModified":"2025-04-27T13:22:43+00:00","breadcrumb":{"@id":"https:\/\/tradetravelchill.club\/our-courses\/#breadcrumb"},"inLanguage":"es","potentialAction":[{"@type":"ReadAction","target":["https:\/\/tradetravelchill.club\/our-courses\/"]}]},{"@type":"ImageObject","inLanguage":"es","@id":"https:\/\/tradetravelchill.club\/our-courses\/#primaryimage","url":"https:\/\/tradetravelchill.club\/wp-content\/uploads\/2022\/07\/TTC-Facebook-Cover-1.png","contentUrl":"https:\/\/tradetravelchill.club\/wp-content\/uploads\/2022\/07\/TTC-Facebook-Cover-1.png","width":1640,"height":924},{"@type":"BreadcrumbList","@id":"https:\/\/tradetravelchill.club\/our-courses\/#breadcrumb","itemListElement":[{"@type":"ListItem","position":1,"name":"Home","item":"https:\/\/tradetravelchill.club\/es\/"},{"@type":"ListItem","position":2,"name":"Nuestros cursos"}]},{"@type":"WebSite","@id":"https:\/\/tradetravelchill.club\/#website","url":"https:\/\/tradetravelchill.club\/","name":"Trade Travel Chill","description":"Trade Like Market Makers","publisher":{"@id":"https:\/\/tradetravelchill.club\/#organization"},"potentialAction":[{"@type":"SearchAction","target":{"@type":"EntryPoint","urlTemplate":"https:\/\/tradetravelchill.club\/?s={search_term_string}"},"query-input":{"@type":"PropertyValueSpecification","valueRequired":true,"valueName":"search_term_string"}}],"inLanguage":"es"},{"@type":"Organization","@id":"https:\/\/tradetravelchill.club\/#organization","name":"Trade Travel Chill","url":"https:\/\/tradetravelchill.club\/","logo":{"@type":"ImageObject","inLanguage":"es","@id":"https:\/\/tradetravelchill.club\/#\/schema\/logo\/image\/","url":"https:\/\/tradetravelchill.club\/wp-content\/uploads\/2026\/03\/Trade-Travel-Chill.png","contentUrl":"https:\/\/tradetravelchill.club\/wp-content\/uploads\/2026\/03\/Trade-Travel-Chill.png","width":1200,"height":630,"caption":"Trade Travel Chill"},"image":{"@id":"https:\/\/tradetravelchill.club\/#\/schema\/logo\/image\/"},"sameAs":["https:\/\/www.facebook.com\/annii.trader","https:\/\/x.com\/tradetravelchil","https:\/\/www.youtube.com\/c\/TradeTravelChill","https:\/\/www.instagram.com\/tradetravelchill\/"]}]}},"_links":{"self":[{"href":"https:\/\/tradetravelchill.club\/es\/wp-json\/wp\/v2\/pages\/16989","targetHints":{"allow":["GET"]}}],"collection":[{"href":"https:\/\/tradetravelchill.club\/es\/wp-json\/wp\/v2\/pages"}],"about":[{"href":"https:\/\/tradetravelchill.club\/es\/wp-json\/wp\/v2\/types\/page"}],"author":[{"embeddable":true,"href":"https:\/\/tradetravelchill.club\/es\/wp-json\/wp\/v2\/users\/4"}],"replies":[{"embeddable":true,"href":"https:\/\/tradetravelchill.club\/es\/wp-json\/wp\/v2\/comments?post=16989"}],"version-history":[{"count":0,"href":"https:\/\/tradetravelchill.club\/es\/wp-json\/wp\/v2\/pages\/16989\/revisions"}],"wp:featuredmedia":[{"embeddable":true,"href":"https:\/\/tradetravelchill.club\/es\/wp-json\/wp\/v2\/media\/12910"}],"wp:attachment":[{"href":"https:\/\/tradetravelchill.club\/es\/wp-json\/wp\/v2\/media?parent=16989"}],"curies":[{"name":"wp","href":"https:\/\/api.w.org\/{rel}","templated":true}]}}